{"id":7171,"date":"2025-12-03T13:26:27","date_gmt":"2025-12-03T13:26:27","guid":{"rendered":"https:\/\/staging-web.bigassbattery.com\/big-ass-service\/"},"modified":"2026-01-07T13:33:34","modified_gmt":"2026-01-07T13:33:34","slug":"big-ass-service","status":"publish","type":"page","link":"https:\/\/staging-web.bigassbattery.com\/fr\/big-ass-service\/","title":{"rendered":"Big Ass Service"},"content":{"rendered":"\n\n<section class=\"block--hero block--hero--height-small\" >\n    <div class=\"background no-fade-in\">\n                    <div class=\"bg-image\" style=\"background-image: url('https:\/\/staging-web.bigassbattery.com\/wp-content\/uploads\/2025\/10\/cfe9b91dcba7657ac4dcde12082756f0ccab9476-scaled.webp'); background-position: bottom; background-size: cover; background-repeat: no-repeat;\"><\/div>\n            <\/div>\n    <div class=\"container\">\n        <div class=\"hero__content hero__content--align-left\">\n                                        <h1>Big Ass Service<\/h1>\n                                        <p>Toujours en attente. Mais plut\u00f4t redondant. <\/p>\n                                <\/div>\n\n            <\/div>\n<\/section>\n<section class=\"block--image-text block-bg--default block-bg--pattern\" >\n    <div class=\"container\">\n        <div class=\"block--image-text__container order--text_image has-both  card \">\n            <div class=\"block--image-text__container__image overflow-hidden\">\n                                    <img decoding=\"async\" class=\"object-cover border-l border-border border-b lg:border-b-0\" src=\"https:\/\/staging-web.bigassbattery.com\/wp-content\/uploads\/2025\/04\/Big-Ass-Battery-Production-Factory-240124-3_optimized.webp\" alt=\"\">\n                            <\/div>\n            <div class=\"block--image-text__container__content  p-8 lg:p-12\">\n                            <div class=\"heading\">\n                                                    <h2 class=\"heading--title\">\n                        Service et assistance                    <\/h2>\n                            <\/div>\n                                    <div class=\"block--image-text__container__content__text wysiwyg\">\n                        <p>Chez Big Ass Battery, nous pensons que le meilleur service est celui dont vous n&rsquo;avez jamais besoin.<\/p>\n<p>C&rsquo;est pourquoi nous construisons nos syst\u00e8mes pour qu&rsquo;ils soient aussi stables, intelligents et autocorrectifs que possible.<\/p>\n<p>Mais si quelque chose devait arriver, notre \u00e9quipe de service est pr\u00eate \u00e0 vous aider.<\/p>\n                    <\/div>\n                                            <\/div>\n        <\/div>\n    <\/div>\n<\/section>\n<section class=\"block--image-text block-bg--gradient block-bg--gradient-position-right\" >\n    <div class=\"container\">\n        <div class=\"block--image-text__container order--image_text has-both  card \">\n            <div class=\"block--image-text__container__image overflow-hidden\">\n                                    <img decoding=\"async\" class=\"object-cover border-r border-border border-b lg:border-b-0\" src=\"https:\/\/staging-web.bigassbattery.com\/wp-content\/uploads\/2025\/04\/Big-Ass-Battery-Production-Factory20-19_compressed.jpg\" alt=\"\">\n                            <\/div>\n            <div class=\"block--image-text__container__content  p-8 lg:p-12\">\n                            <div class=\"heading\">\n                                                    <h2 class=\"heading--title\">\n                        Mieux vaut pr\u00e9venir que gu\u00e9rir                    <\/h2>\n                            <\/div>\n                                    <div class=\"block--image-text__container__content__text wysiwyg\">\n                        <p>Nos syst\u00e8mes s&rsquo;auto-contr\u00f4lent en permanence.<\/p>\n<p>Des algorithmes intelligents d\u00e9tectent les anomalies avant m\u00eame qu&rsquo;elles n&rsquo;entra\u00eenent une d\u00e9faillance.<\/p>\n<p>Cela nous permet de proc\u00e9der \u00e0 des ajustements \u00e0 distance, d&rsquo;\u00e9mettre des alertes ou m\u00eame de proc\u00e9der \u00e0 des corrections automatiques.<\/p>\n<p>Signification :<\/p>\n<ul>\n<li>Moins de temps d&rsquo;arr\u00eat impr\u00e9vus.<\/li>\n<li>Allongement de la dur\u00e9e de vie de vos actifs.<\/li>\n<li>Moins de d\u00e9pendance \u00e0 l&rsquo;\u00e9gard des m\u00e9caniciens.<\/li>\n<\/ul>\n<p>Et en cas de probl\u00e8me physique, nous disposons de toutes les connaissances n\u00e9cessaires pour r\u00e9agir rapidement &#8211; sans longs d\u00e9lais d&rsquo;attente ni intervenants ext\u00e9rieurs.<\/p>\n                    <\/div>\n                                            <\/div>\n        <\/div>\n    <\/div>\n<\/section>\n<section class=\"block--image-text block-bg--gradient block-bg--gradient-position-left\" >\n    <div class=\"container\">\n        <div class=\"block--image-text__container order--text_image has-both  card \">\n            <div class=\"block--image-text__container__image overflow-hidden\">\n                                    <img decoding=\"async\" class=\"object-cover border-l border-border border-b lg:border-b-0\" src=\"https:\/\/staging-web.bigassbattery.com\/wp-content\/uploads\/2025\/04\/Big-Ass-Battery-08-12-2022-Epsilon-Studios-Ektor-Tsolodimos-32-scaled_optimized.webp\" alt=\"\">\n                            <\/div>\n            <div class=\"block--image-text__container__content  p-8 lg:p-12\">\n                            <div class=\"heading\">\n                                                    <h2 class=\"heading--title\">\n                        Assistance et surveillance \u00e0 distance                    <\/h2>\n                            <\/div>\n                                    <div class=\"block--image-text__container__content__text wysiwyg\">\n                        <p>Gr\u00e2ce \u00e0 notre plateforme Smart Ass Energy, nous, et vous en tant que client, avons toujours un aper\u00e7u complet de l&rsquo;\u00e9tat de votre syst\u00e8me.<\/p>\n<p>Des tensions et temp\u00e9ratures aux communications et profils de charge, tout peut \u00eatre surveill\u00e9 en direct.<\/p>\n<p>En cas d&rsquo;anomalie, notre \u00e9quipe est imm\u00e9diatement inform\u00e9e.<\/p>\n<p>Nous pouvons nous connecter \u00e0 distance, analyser et &#8211; si possible &#8211; r\u00e9soudre le probl\u00e8me imm\u00e9diatement.<\/p>\n<p>Et tout cela de mani\u00e8re s\u00e9curis\u00e9e, crypt\u00e9e et avec votre permission.<\/p>\n                    <\/div>\n                                            <\/div>\n        <\/div>\n    <\/div>\n<\/section>\n<section class=\"block--image-text block-bg--gradient block-bg--gradient-position-right\" >\n    <div class=\"container\">\n        <div class=\"block--image-text__container order--image_text has-both  card \">\n            <div class=\"block--image-text__container__image overflow-hidden\">\n                                    <img decoding=\"async\" class=\"object-cover border-r border-border border-b lg:border-b-0\" src=\"https:\/\/staging-web.bigassbattery.com\/wp-content\/uploads\/2025\/04\/Big-Ass-Battery-Production-Factory20-3-optimized.jpg\" alt=\"\">\n                            <\/div>\n            <div class=\"block--image-text__container__content  p-8 lg:p-12\">\n                            <div class=\"heading\">\n                                                    <h2 class=\"heading--title\">\n                        Maintenance pr\u00e9ventive &#8211; votre syst\u00e8me en parfait \u00e9tat                    <\/h2>\n                            <\/div>\n                                    <div class=\"block--image-text__container__content__text wysiwyg\">\n                        <p>Comme une voiture, un syst\u00e8me \u00e9lectrique doit faire l&rsquo;objet d&rsquo;un entretien p\u00e9riodique pour rester fiable.<\/p>\n<p>C&rsquo;est pourquoi nous proposons des programmes de maintenance pr\u00e9ventive qui maintiennent votre installation dans un \u00e9tat optimal.<\/p>\n<p>Nos techniciens effectuent les t\u00e2ches suivantes<\/p>\n<ul>\n<li>l&rsquo;inspection visuelle des armoires, des c\u00e2bles et des connexions<\/li>\n<li>le contr\u00f4le et le serrage des boulons, des \u00e9crous et des connecteurs<\/li>\n<li>le nettoyage et le remplacement des filtres \u00e0 air ou des pi\u00e8ces de ventilation<\/li>\n<li>mesures de la temp\u00e9rature et de la tension par composant<\/li>\n<li>la surveillance des syst\u00e8mes de s\u00e9curit\u00e9 et des fonctions d&rsquo;alarme<\/li>\n<li>rapport contenant des recommandations et les r\u00e9sultats des mesures<\/li>\n<\/ul>\n<p>Il s&rsquo;agit en quelque sorte d&rsquo;un contr\u00f4le technique et d&rsquo;une r\u00e9vision compl\u00e8te de votre syst\u00e8me \u00e9nerg\u00e9tique.<\/p>\n<p>Ainsi, tout reste fiable, propre et pr\u00eat \u00e0 fonctionner au maximum.<\/p>\n                    <\/div>\n                                            <\/div>\n        <\/div>\n    <\/div>\n<\/section>\n<section class=\"block--image-text block-bg--light block-bg--pattern\" >\n    <div class=\"container\">\n        <div class=\"block--image-text__container order--text_image has-both is-light-bg  gap-16 lg:gap-32\">\n            <div class=\"block--image-text__container__image overflow-hidden\">\n                                    <img decoding=\"async\" class=\"object-contain\" src=\"https:\/\/staging-web.bigassbattery.com\/wp-content\/uploads\/2025\/04\/Productie-BigAssBattery2306.webp\" alt=\"\">\n                            <\/div>\n            <div class=\"block--image-text__container__content  \">\n                            <div class=\"heading\">\n                                                    <h2 class=\"heading--title\">\n                          Un service sur place en cas de besoin                    <\/h2>\n                            <\/div>\n                                    <div class=\"block--image-text__container__content__text wysiwyg\">\n                        <p>Parfois, une situation exige une paire de mains sur place.<\/p>\n<p>Nos ing\u00e9nieurs de service sont sp\u00e9cialis\u00e9s dans le stockage de l&rsquo;\u00e9nergie, l&rsquo;\u00e9lectronique de puissance et la technologie de contr\u00f4le.<\/p>\n<p>Ils savent exactement ce qu&rsquo;ils font &#8211; et pourquoi.<\/p>\n<p>De l&rsquo;inspection et de la maintenance au remplacement et au recalibrage : nous veillons \u00e0 ce que votre syst\u00e8me soit de nouveau en ligne rapidement.<\/p>\n                    <\/div>\n                                            <\/div>\n        <\/div>\n    <\/div>\n<\/section>\n<section class=\"block--image-text block-bg--default block-bg--pattern\" >\n    <div class=\"container\">\n        <div class=\"block--image-text__container order--image_text has-both   gap-16 lg:gap-32\">\n            <div class=\"block--image-text__container__image overflow-hidden\">\n                                    <img decoding=\"async\" class=\"object-contain\" src=\"https:\/\/staging-web.bigassbattery.com\/wp-content\/uploads\/2025\/05\/converted_Big-Ass-Battery-Production-Factory20-21.jpg\" alt=\"\">\n                            <\/div>\n            <div class=\"block--image-text__container__content  \">\n                            <div class=\"heading\">\n                                                    <h2 class=\"heading--title\">\n                        Toujours un point de contact unique                    <\/h2>\n                            <\/div>\n                                    <div class=\"block--image-text__container__content__text wysiwyg\">\n                        <p>Chez nous, il n&rsquo;y a pas de menus ou de services d&rsquo;assistance anonymes.<\/p>\n<p>Vous \u00eates en contact direct avec quelqu&rsquo;un qui sait de quoi il s&rsquo;agit.<\/p>\n<p>Notre \u00e9quipe de service travaille en \u00e9troite collaboration avec des ing\u00e9nieurs qui connaissent vraiment les syst\u00e8mes &#8211; ce qui permet d&rsquo;\u00e9conomiser du temps, de la frustration et des temps d&rsquo;arr\u00eat inutiles.<\/p>\n                    <\/div>\n                                            <\/div>\n        <\/div>\n    <\/div>\n<\/section>\n<section class=\"block--image-text block-bg--gradient block-bg--gradient-position-left\" >\n    <div class=\"container\">\n        <div class=\"block--image-text__container order--text_image has-both  card \">\n            <div class=\"block--image-text__container__image overflow-hidden\">\n                                    <img decoding=\"async\" class=\"object-cover border-l border-border border-b lg:border-b-0\" src=\"https:\/\/staging-web.bigassbattery.com\/wp-content\/uploads\/2023\/11\/Big-Ass-Battery-08-12-2022-Epsilon-Studios-Ektor-Tsolodimos-31.png\" alt=\"\">\n                            <\/div>\n            <div class=\"block--image-text__container__content  p-8 lg:p-12\">\n                            <div class=\"heading\">\n                                                    <h2 class=\"heading--title\">\n                        Notre mission : que vous n&rsquo;ayez pas besoin de nous                    <\/h2>\n                            <\/div>\n                                    <div class=\"block--image-text__container__content__text wysiwyg\">\n                        <p>Nous cr\u00e9ons des syst\u00e8mes qui se contr\u00f4lent eux-m\u00eames, pr\u00e9viennent les erreurs et effectuent des mises \u00e0 jour automatiquement.<\/p>\n<p>C&rsquo;est pourquoi nos m\u00e9caniciens pr\u00e9f\u00e8rent \u00eatre au ch\u00f4mage &#8211; mais lorsqu&rsquo;ils doivent entrer en action, ils sont plus rapides que la lumi\u00e8re.<\/p>\n<p>Big Ass Battery Service.<\/p>\n<p>Syst\u00e8mes intelligents. Des nuits tranquilles. <\/p>\n                    <\/div>\n                                            <\/div>\n        <\/div>\n    <\/div>\n<\/section>","protected":false},"excerpt":{"rendered":"","protected":false},"author":11,"featured_media":0,"parent":0,"menu_order":0,"comment_status":"closed","ping_status":"closed","template":"pages\/dynamic-page-with-blocks-template.php","meta":{"_acf_changed":false,"footnotes":""},"class_list":["post-7171","page","type-page","status-publish","hentry"],"acf":[],"yoast_head":"<!-- This site is optimized with the Yoast SEO plugin v27.4 - https:\/\/yoast.com\/product\/yoast-seo-wordpress\/ -->\n<title>Big Ass Service - Big Ass Battery<\/title>\n<meta name=\"robots\" content=\"noindex, follow, max-snippet:-1, max-image-preview:large, max-video-preview:-1\" \/>\n<meta property=\"og:locale\" content=\"fr_FR\" \/>\n<meta property=\"og:type\" content=\"article\" \/>\n<meta property=\"og:title\" content=\"Big Ass Service - Big Ass Battery\" \/>\n<meta property=\"og:url\" content=\"https:\/\/staging-web.bigassbattery.com\/fr\/big-ass-service\/\" \/>\n<meta property=\"og:site_name\" content=\"Big Ass Battery\" \/>\n<meta property=\"article:publisher\" content=\"https:\/\/m.facebook.com\/bigassbatterys\" \/>\n<meta property=\"article:modified_time\" content=\"2026-01-07T13:33:34+00:00\" \/>\n<meta name=\"twitter:card\" content=\"summary_large_image\" \/>\n<script type=\"application\/ld+json\" class=\"yoast-schema-graph\">{\"@context\":\"https:\\\/\\\/schema.org\",\"@graph\":[{\"@type\":\"WebPage\",\"@id\":\"https:\\\/\\\/staging-web.bigassbattery.com\\\/fr\\\/big-ass-service\\\/\",\"url\":\"https:\\\/\\\/staging-web.bigassbattery.com\\\/fr\\\/big-ass-service\\\/\",\"name\":\"Big Ass Service - Big Ass Battery\",\"isPartOf\":{\"@id\":\"https:\\\/\\\/staging-web.bigassbattery.com\\\/fr\\\/#website\"},\"datePublished\":\"2025-12-03T13:26:27+00:00\",\"dateModified\":\"2026-01-07T13:33:34+00:00\",\"inLanguage\":\"fr-FR\",\"potentialAction\":[{\"@type\":\"ReadAction\",\"target\":[\"https:\\\/\\\/staging-web.bigassbattery.com\\\/fr\\\/big-ass-service\\\/\"]}]},{\"@type\":\"WebSite\",\"@id\":\"https:\\\/\\\/staging-web.bigassbattery.com\\\/fr\\\/#website\",\"url\":\"https:\\\/\\\/staging-web.bigassbattery.com\\\/fr\\\/\",\"name\":\"Big Ass Battery\",\"description\":\"Batterijsystemen en omvormers\",\"publisher\":{\"@id\":\"https:\\\/\\\/staging-web.bigassbattery.com\\\/fr\\\/#organization\"},\"potentialAction\":[{\"@type\":\"SearchAction\",\"target\":{\"@type\":\"EntryPoint\",\"urlTemplate\":\"https:\\\/\\\/staging-web.bigassbattery.com\\\/fr\\\/?s={search_term_string}\"},\"query-input\":{\"@type\":\"PropertyValueSpecification\",\"valueRequired\":true,\"valueName\":\"search_term_string\"}}],\"inLanguage\":\"fr-FR\"},{\"@type\":\"Organization\",\"@id\":\"https:\\\/\\\/staging-web.bigassbattery.com\\\/fr\\\/#organization\",\"name\":\"Big Ass Battery\",\"url\":\"https:\\\/\\\/staging-web.bigassbattery.com\\\/fr\\\/\",\"logo\":{\"@type\":\"ImageObject\",\"inLanguage\":\"fr-FR\",\"@id\":\"https:\\\/\\\/staging-web.bigassbattery.com\\\/fr\\\/#\\\/schema\\\/logo\\\/image\\\/\",\"url\":\"https:\\\/\\\/staging-web.bigassbattery.com\\\/wp-content\\\/uploads\\\/2022\\\/07\\\/22129-big-ass-battery-inline-logo-reverse.png\",\"contentUrl\":\"https:\\\/\\\/staging-web.bigassbattery.com\\\/wp-content\\\/uploads\\\/2022\\\/07\\\/22129-big-ass-battery-inline-logo-reverse.png\",\"width\":1200,\"height\":351,\"caption\":\"Big Ass Battery\"},\"image\":{\"@id\":\"https:\\\/\\\/staging-web.bigassbattery.com\\\/fr\\\/#\\\/schema\\\/logo\\\/image\\\/\"},\"sameAs\":[\"https:\\\/\\\/m.facebook.com\\\/bigassbatterys\",\"https:\\\/\\\/nl.linkedin.com\\\/company\\\/big-ass-battery\",\"https:\\\/\\\/www.instagram.com\\\/bigassbattery\\\/?hl=nl\"]}]}<\/script>\n<!-- \/ Yoast SEO plugin. -->","yoast_head_json":{"title":"Big Ass Service - Big Ass Battery","robots":{"index":"noindex","follow":"follow","max-snippet":"max-snippet:-1","max-image-preview":"max-image-preview:large","max-video-preview":"max-video-preview:-1"},"og_locale":"fr_FR","og_type":"article","og_title":"Big Ass Service - Big Ass Battery","og_url":"https:\/\/staging-web.bigassbattery.com\/fr\/big-ass-service\/","og_site_name":"Big Ass Battery","article_publisher":"https:\/\/m.facebook.com\/bigassbatterys","article_modified_time":"2026-01-07T13:33:34+00:00","twitter_card":"summary_large_image","schema":{"@context":"https:\/\/schema.org","@graph":[{"@type":"WebPage","@id":"https:\/\/staging-web.bigassbattery.com\/fr\/big-ass-service\/","url":"https:\/\/staging-web.bigassbattery.com\/fr\/big-ass-service\/","name":"Big Ass Service - Big Ass Battery","isPartOf":{"@id":"https:\/\/staging-web.bigassbattery.com\/fr\/#website"},"datePublished":"2025-12-03T13:26:27+00:00","dateModified":"2026-01-07T13:33:34+00:00","inLanguage":"fr-FR","potentialAction":[{"@type":"ReadAction","target":["https:\/\/staging-web.bigassbattery.com\/fr\/big-ass-service\/"]}]},{"@type":"WebSite","@id":"https:\/\/staging-web.bigassbattery.com\/fr\/#website","url":"https:\/\/staging-web.bigassbattery.com\/fr\/","name":"Big Ass Battery","description":"Batterijsystemen en omvormers","publisher":{"@id":"https:\/\/staging-web.bigassbattery.com\/fr\/#organization"},"potentialAction":[{"@type":"SearchAction","target":{"@type":"EntryPoint","urlTemplate":"https:\/\/staging-web.bigassbattery.com\/fr\/?s={search_term_string}"},"query-input":{"@type":"PropertyValueSpecification","valueRequired":true,"valueName":"search_term_string"}}],"inLanguage":"fr-FR"},{"@type":"Organization","@id":"https:\/\/staging-web.bigassbattery.com\/fr\/#organization","name":"Big Ass Battery","url":"https:\/\/staging-web.bigassbattery.com\/fr\/","logo":{"@type":"ImageObject","inLanguage":"fr-FR","@id":"https:\/\/staging-web.bigassbattery.com\/fr\/#\/schema\/logo\/image\/","url":"https:\/\/staging-web.bigassbattery.com\/wp-content\/uploads\/2022\/07\/22129-big-ass-battery-inline-logo-reverse.png","contentUrl":"https:\/\/staging-web.bigassbattery.com\/wp-content\/uploads\/2022\/07\/22129-big-ass-battery-inline-logo-reverse.png","width":1200,"height":351,"caption":"Big Ass Battery"},"image":{"@id":"https:\/\/staging-web.bigassbattery.com\/fr\/#\/schema\/logo\/image\/"},"sameAs":["https:\/\/m.facebook.com\/bigassbatterys","https:\/\/nl.linkedin.com\/company\/big-ass-battery","https:\/\/www.instagram.com\/bigassbattery\/?hl=nl"]}]}},"_links":{"self":[{"href":"https:\/\/staging-web.bigassbattery.com\/fr\/wp-json\/wp\/v2\/pages\/7171","targetHints":{"allow":["GET"]}}],"collection":[{"href":"https:\/\/staging-web.bigassbattery.com\/fr\/wp-json\/wp\/v2\/pages"}],"about":[{"href":"https:\/\/staging-web.bigassbattery.com\/fr\/wp-json\/wp\/v2\/types\/page"}],"author":[{"embeddable":true,"href":"https:\/\/staging-web.bigassbattery.com\/fr\/wp-json\/wp\/v2\/users\/11"}],"replies":[{"embeddable":true,"href":"https:\/\/staging-web.bigassbattery.com\/fr\/wp-json\/wp\/v2\/comments?post=7171"}],"version-history":[{"count":2,"href":"https:\/\/staging-web.bigassbattery.com\/fr\/wp-json\/wp\/v2\/pages\/7171\/revisions"}],"predecessor-version":[{"id":7191,"href":"https:\/\/staging-web.bigassbattery.com\/fr\/wp-json\/wp\/v2\/pages\/7171\/revisions\/7191"}],"wp:attachment":[{"href":"https:\/\/staging-web.bigassbattery.com\/fr\/wp-json\/wp\/v2\/media?parent=7171"}],"curies":[{"name":"wp","href":"https:\/\/api.w.org\/{rel}","templated":true}]}}