{"id":7152,"date":"2025-12-03T12:23:44","date_gmt":"2025-12-03T11:23:44","guid":{"rendered":"https:\/\/staging-web.bigassbattery.com\/big-ass-battery\/"},"modified":"2026-01-07T13:31:24","modified_gmt":"2026-01-07T13:31:24","slug":"big-ass-battery","status":"publish","type":"page","link":"https:\/\/staging-web.bigassbattery.com\/fr\/big-ass-battery\/","title":{"rendered":"Big Ass Battery"},"content":{"rendered":"\n\n<section class=\"block--hero block--hero--height-small\" >\n    <div class=\"background no-fade-in\">\n                    <div class=\"bg-image\" style=\"background-image: url('https:\/\/staging-web.bigassbattery.com\/wp-content\/uploads\/2025\/10\/cfe9b91dcba7657ac4dcde12082756f0ccab9476-scaled.webp'); background-position: bottom; background-size: cover; background-repeat: no-repeat;\"><\/div>\n            <\/div>\n    <div class=\"container\">\n        <div class=\"hero__content hero__content--align-left\">\n                                        <h1>Big Ass Battery<\/h1>\n                                        <p>De l&#039;exp\u00e9rience \u00e0 la certitude &#8211; votre solution \u00e9nerg\u00e9tique commence ici.<\/p>\n                                <\/div>\n\n            <\/div>\n<\/section>\n<section class=\"block--image-text block-bg--gradient block-bg--gradient-position-left\" >\n    <div class=\"container\">\n        <div class=\"block--image-text__container order--text_image has-both  card \">\n            <div class=\"block--image-text__container__image overflow-hidden\">\n                                    <img decoding=\"async\" class=\"object-cover border-l border-border border-b lg:border-b-0\" src=\"https:\/\/staging-web.bigassbattery.com\/wp-content\/uploads\/2025\/05\/Philippe-Guido-BigAssBattery_compressed.jpg\" alt=\"Nieuwe investeerder - Big Ass Battery \" title=\"Nieuwe investeerder - Big Ass Battery \">\n                            <\/div>\n            <div class=\"block--image-text__container__content  p-8 lg:p-12\">\n                            <div class=\"heading\">\n                                    <span class=\"heading--subtitle as-h6\">\n                        De l&rsquo;exp\u00e9rience \u00e0 la certitude                    <\/span>\n                                                    <h2 class=\"heading--title\">\n                        Vente et conseil                    <\/h2>\n                            <\/div>\n                                    <div class=\"block--image-text__container__content__text wysiwyg\">\n                        <p>Chez Big Ass Battery, nous \u00e9tions autrefois surtout connus pour notre production interne de syst\u00e8mes de stockage par batterie.<\/p>\n<p>Qu&rsquo;il s&rsquo;agisse d&rsquo;installations industrielles complexes ou de projets de location mobiles o\u00f9 la situation peut changer quotidiennement, nous avons litt\u00e9ralement tout vu, tout construit et tout test\u00e9 sur le terrain.<\/p>\n<p>Aujourd&rsquo;hui, nous ne nous concentrons plus sur la production, mais sur la connaissance, l&rsquo;intelligence et l&rsquo;exp\u00e9rience pratique : la v\u00e9ritable force qui se cache derri\u00e8re notre technologie.<\/p>\n<p>Nous avons int\u00e9gr\u00e9 ces connaissances dans notre syst\u00e8me de gestion de l&rsquo;\u00e9nergie, avec The Load Commander comme traducteur intelligent. Gr\u00e2ce \u00e0 cette exp\u00e9rience, nous ne sommes plus d\u00e9pendants d&rsquo;une seule marque ou d&rsquo;un seul syst\u00e8me, mais nous pouvons appliquer notre intelligence \u00e0 toutes les solutions \u00e9nerg\u00e9tiques modernes. <\/p>\n                    <\/div>\n                                            <\/div>\n        <\/div>\n    <\/div>\n<\/section>\n<section class=\"block--image-text block-bg--gradient block-bg--gradient-position-right\" >\n    <div class=\"container\">\n        <div class=\"block--image-text__container order--image_text has-both  card \">\n            <div class=\"block--image-text__container__image overflow-hidden\">\n                                    <img decoding=\"async\" class=\"object-cover border-r border-border border-b lg:border-b-0\" src=\"https:\/\/staging-web.bigassbattery.com\/wp-content\/uploads\/2025\/04\/Big-Ass-Battery-08-12-2022-Epsilon-Studios-Ektor-Tsolodimos-32-scaled_optimized.webp\" alt=\"\">\n                            <\/div>\n            <div class=\"block--image-text__container__content  p-8 lg:p-12\">\n                            <div class=\"heading\">\n                                                    <h2 class=\"heading--title\">\n                        Des conseils sur mesure, fond\u00e9s sur l&rsquo;exp\u00e9rience                    <\/h2>\n                            <\/div>\n                                    <div class=\"block--image-text__container__content__text wysiwyg\">\n                        <p>Nous connaissons les batteries sur le bout des doigts &#8211; litt\u00e9ralement.<\/p>\n<p>Nous savons ce qu&rsquo;il faut pour qu&rsquo;un syst\u00e8me fonctionne de mani\u00e8re s\u00fbre, stable et fiable. C&rsquo;est pourquoi nous aidons nos clients non seulement \u00e0 d\u00e9velopper des logiciels, mais aussi \u00e0 choisir le bon syst\u00e8me de batterie. <\/p>\n<p>Avec vous, nous examinons :<\/p>\n<ul>\n<li>Vos besoins en \u00e9nergie et vos projets futurs,<\/li>\n<li>le budget disponible,<\/li>\n<li>et les exigences techniques de votre site ou projet.<\/li>\n<\/ul>\n<p>Nous donnons toujours des conseils honn\u00eates et r\u00e9alistes, et nous ne travaillons qu&rsquo;avec des solutions que nous soutenons pleinement sur le plan technique. Cela nous permet de fournir des syst\u00e8mes \u00e0 des prix comp\u00e9titifs, sans faire de compromis sur la qualit\u00e9 ou la s\u00e9curit\u00e9. <\/p>\n                    <\/div>\n                                            <\/div>\n        <\/div>\n    <\/div>\n<\/section>\n<section class=\"block--image-text block-bg--gradient block-bg--gradient-position-left\" >\n    <div class=\"container\">\n        <div class=\"block--image-text__container order--text_image has-both  card \">\n            <div class=\"block--image-text__container__image overflow-hidden\">\n                                    <img decoding=\"async\" class=\"object-cover border-l border-border border-b lg:border-b-0\" src=\"https:\/\/staging-web.bigassbattery.com\/wp-content\/uploads\/2025\/05\/resized_Big20Ass20Battery20-20RVM-_FVV4099-220small.jpg\" alt=\"\">\n                            <\/div>\n            <div class=\"block--image-text__container__content  p-8 lg:p-12\">\n                            <div class=\"heading\">\n                                                    <h2 class=\"heading--title\">\n                        Qualit\u00e9 europ\u00e9enne, applicable dans le monde entier                    <\/h2>\n                            <\/div>\n                                    <div class=\"block--image-text__container__content__text wysiwyg\">\n                        <p>Vous cherchez une solution europ\u00e9enne ou une solution asiatique ? Aucun probl\u00e8me. Nous ne proposons que des syst\u00e8mes enti\u00e8rement conformes aux normes et r\u00e9glementations europ\u00e9ennes.  <\/p>\n<p>Chaque installation est livr\u00e9e avec :<\/p>\n<ul>\n<li>l&rsquo;installation et la mise en service compl\u00e8tes,<\/li>\n<li>notre plateforme Smart Ass Energy pour le contr\u00f4le et la surveillance,<\/li>\n<li>et le soutien de notre \u00e9quipe de service et d&rsquo;assistance &#8211; pr\u00eate \u00e0 intervenir 24 heures sur 24 et 7 jours sur 7 en cas de besoin.<\/li>\n<\/ul>\n<p>Nous pr\u00e9f\u00e9rons construire des syst\u00e8mes si stables que nos m\u00e9caniciens peuvent rester endormis. Mais en cas de besoin, ils sont pr\u00eats. <\/p>\n<p>Des conseils honn\u00eates. Des solutions intelligentes. Tranquillit\u00e9 d&rsquo;esprit garantie.  <\/p>\n<p>Qu&rsquo;il s&rsquo;agisse d&rsquo;une installation fixe, d&rsquo;une installation temporaire ou d&rsquo;une extension de votre syst\u00e8me existant, nous vous aiderons \u00e0 faire le bon choix.<\/p>\n<p><strong>Demandez une consultation maintenant, e<\/strong><strong>n de savoir quelle est la solution la mieux adapt\u00e9e \u00e0 votre situation.<\/strong><\/p>\n                    <\/div>\n                                                    <div class=\"btn-group mt-8\">\n                                                                <a class=\"btn btn--primary \" href=\"https:\/\/staging-web.bigassbattery.com\/fr\/le-contact\/\">\n                Prenez contact avec nous            <\/a>\n                                            <\/div>\n                            <\/div>\n        <\/div>\n    <\/div>\n<\/section>","protected":false},"excerpt":{"rendered":"","protected":false},"author":11,"featured_media":0,"parent":0,"menu_order":0,"comment_status":"closed","ping_status":"closed","template":"pages\/dynamic-page-with-blocks-template.php","meta":{"_acf_changed":false,"footnotes":""},"class_list":["post-7152","page","type-page","status-publish","hentry"],"acf":[],"yoast_head":"<!-- This site is optimized with the Yoast SEO plugin v27.4 - https:\/\/yoast.com\/product\/yoast-seo-wordpress\/ -->\n<title>Big Ass Battery - Big Ass Battery<\/title>\n<meta name=\"robots\" content=\"noindex, follow, max-snippet:-1, max-image-preview:large, max-video-preview:-1\" \/>\n<meta property=\"og:locale\" content=\"fr_FR\" \/>\n<meta property=\"og:type\" content=\"article\" \/>\n<meta property=\"og:title\" content=\"Big Ass Battery - Big Ass Battery\" \/>\n<meta property=\"og:url\" content=\"https:\/\/staging-web.bigassbattery.com\/fr\/big-ass-battery\/\" \/>\n<meta property=\"og:site_name\" content=\"Big Ass Battery\" \/>\n<meta property=\"article:publisher\" content=\"https:\/\/m.facebook.com\/bigassbatterys\" \/>\n<meta property=\"article:modified_time\" content=\"2026-01-07T13:31:24+00:00\" \/>\n<meta name=\"twitter:card\" content=\"summary_large_image\" \/>\n<script type=\"application\/ld+json\" class=\"yoast-schema-graph\">{\"@context\":\"https:\\\/\\\/schema.org\",\"@graph\":[{\"@type\":\"WebPage\",\"@id\":\"https:\\\/\\\/staging-web.bigassbattery.com\\\/fr\\\/big-ass-battery\\\/\",\"url\":\"https:\\\/\\\/staging-web.bigassbattery.com\\\/fr\\\/big-ass-battery\\\/\",\"name\":\"Big Ass Battery - Big Ass Battery\",\"isPartOf\":{\"@id\":\"https:\\\/\\\/staging-web.bigassbattery.com\\\/fr\\\/#website\"},\"datePublished\":\"2025-12-03T11:23:44+00:00\",\"dateModified\":\"2026-01-07T13:31:24+00:00\",\"inLanguage\":\"fr-FR\",\"potentialAction\":[{\"@type\":\"ReadAction\",\"target\":[\"https:\\\/\\\/staging-web.bigassbattery.com\\\/fr\\\/big-ass-battery\\\/\"]}]},{\"@type\":\"WebSite\",\"@id\":\"https:\\\/\\\/staging-web.bigassbattery.com\\\/fr\\\/#website\",\"url\":\"https:\\\/\\\/staging-web.bigassbattery.com\\\/fr\\\/\",\"name\":\"Big Ass Battery\",\"description\":\"Batterijsystemen en omvormers\",\"publisher\":{\"@id\":\"https:\\\/\\\/staging-web.bigassbattery.com\\\/fr\\\/#organization\"},\"potentialAction\":[{\"@type\":\"SearchAction\",\"target\":{\"@type\":\"EntryPoint\",\"urlTemplate\":\"https:\\\/\\\/staging-web.bigassbattery.com\\\/fr\\\/?s={search_term_string}\"},\"query-input\":{\"@type\":\"PropertyValueSpecification\",\"valueRequired\":true,\"valueName\":\"search_term_string\"}}],\"inLanguage\":\"fr-FR\"},{\"@type\":\"Organization\",\"@id\":\"https:\\\/\\\/staging-web.bigassbattery.com\\\/fr\\\/#organization\",\"name\":\"Big Ass Battery\",\"url\":\"https:\\\/\\\/staging-web.bigassbattery.com\\\/fr\\\/\",\"logo\":{\"@type\":\"ImageObject\",\"inLanguage\":\"fr-FR\",\"@id\":\"https:\\\/\\\/staging-web.bigassbattery.com\\\/fr\\\/#\\\/schema\\\/logo\\\/image\\\/\",\"url\":\"https:\\\/\\\/staging-web.bigassbattery.com\\\/wp-content\\\/uploads\\\/2022\\\/07\\\/22129-big-ass-battery-inline-logo-reverse.png\",\"contentUrl\":\"https:\\\/\\\/staging-web.bigassbattery.com\\\/wp-content\\\/uploads\\\/2022\\\/07\\\/22129-big-ass-battery-inline-logo-reverse.png\",\"width\":1200,\"height\":351,\"caption\":\"Big Ass Battery\"},\"image\":{\"@id\":\"https:\\\/\\\/staging-web.bigassbattery.com\\\/fr\\\/#\\\/schema\\\/logo\\\/image\\\/\"},\"sameAs\":[\"https:\\\/\\\/m.facebook.com\\\/bigassbatterys\",\"https:\\\/\\\/nl.linkedin.com\\\/company\\\/big-ass-battery\",\"https:\\\/\\\/www.instagram.com\\\/bigassbattery\\\/?hl=nl\"]}]}<\/script>\n<!-- \/ Yoast SEO plugin. -->","yoast_head_json":{"title":"Big Ass Battery - Big Ass Battery","robots":{"index":"noindex","follow":"follow","max-snippet":"max-snippet:-1","max-image-preview":"max-image-preview:large","max-video-preview":"max-video-preview:-1"},"og_locale":"fr_FR","og_type":"article","og_title":"Big Ass Battery - Big Ass Battery","og_url":"https:\/\/staging-web.bigassbattery.com\/fr\/big-ass-battery\/","og_site_name":"Big Ass Battery","article_publisher":"https:\/\/m.facebook.com\/bigassbatterys","article_modified_time":"2026-01-07T13:31:24+00:00","twitter_card":"summary_large_image","schema":{"@context":"https:\/\/schema.org","@graph":[{"@type":"WebPage","@id":"https:\/\/staging-web.bigassbattery.com\/fr\/big-ass-battery\/","url":"https:\/\/staging-web.bigassbattery.com\/fr\/big-ass-battery\/","name":"Big Ass Battery - Big Ass Battery","isPartOf":{"@id":"https:\/\/staging-web.bigassbattery.com\/fr\/#website"},"datePublished":"2025-12-03T11:23:44+00:00","dateModified":"2026-01-07T13:31:24+00:00","inLanguage":"fr-FR","potentialAction":[{"@type":"ReadAction","target":["https:\/\/staging-web.bigassbattery.com\/fr\/big-ass-battery\/"]}]},{"@type":"WebSite","@id":"https:\/\/staging-web.bigassbattery.com\/fr\/#website","url":"https:\/\/staging-web.bigassbattery.com\/fr\/","name":"Big Ass Battery","description":"Batterijsystemen en omvormers","publisher":{"@id":"https:\/\/staging-web.bigassbattery.com\/fr\/#organization"},"potentialAction":[{"@type":"SearchAction","target":{"@type":"EntryPoint","urlTemplate":"https:\/\/staging-web.bigassbattery.com\/fr\/?s={search_term_string}"},"query-input":{"@type":"PropertyValueSpecification","valueRequired":true,"valueName":"search_term_string"}}],"inLanguage":"fr-FR"},{"@type":"Organization","@id":"https:\/\/staging-web.bigassbattery.com\/fr\/#organization","name":"Big Ass Battery","url":"https:\/\/staging-web.bigassbattery.com\/fr\/","logo":{"@type":"ImageObject","inLanguage":"fr-FR","@id":"https:\/\/staging-web.bigassbattery.com\/fr\/#\/schema\/logo\/image\/","url":"https:\/\/staging-web.bigassbattery.com\/wp-content\/uploads\/2022\/07\/22129-big-ass-battery-inline-logo-reverse.png","contentUrl":"https:\/\/staging-web.bigassbattery.com\/wp-content\/uploads\/2022\/07\/22129-big-ass-battery-inline-logo-reverse.png","width":1200,"height":351,"caption":"Big Ass Battery"},"image":{"@id":"https:\/\/staging-web.bigassbattery.com\/fr\/#\/schema\/logo\/image\/"},"sameAs":["https:\/\/m.facebook.com\/bigassbatterys","https:\/\/nl.linkedin.com\/company\/big-ass-battery","https:\/\/www.instagram.com\/bigassbattery\/?hl=nl"]}]}},"_links":{"self":[{"href":"https:\/\/staging-web.bigassbattery.com\/fr\/wp-json\/wp\/v2\/pages\/7152","targetHints":{"allow":["GET"]}}],"collection":[{"href":"https:\/\/staging-web.bigassbattery.com\/fr\/wp-json\/wp\/v2\/pages"}],"about":[{"href":"https:\/\/staging-web.bigassbattery.com\/fr\/wp-json\/wp\/v2\/types\/page"}],"author":[{"embeddable":true,"href":"https:\/\/staging-web.bigassbattery.com\/fr\/wp-json\/wp\/v2\/users\/11"}],"replies":[{"embeddable":true,"href":"https:\/\/staging-web.bigassbattery.com\/fr\/wp-json\/wp\/v2\/comments?post=7152"}],"version-history":[{"count":2,"href":"https:\/\/staging-web.bigassbattery.com\/fr\/wp-json\/wp\/v2\/pages\/7152\/revisions"}],"predecessor-version":[{"id":7188,"href":"https:\/\/staging-web.bigassbattery.com\/fr\/wp-json\/wp\/v2\/pages\/7152\/revisions\/7188"}],"wp:attachment":[{"href":"https:\/\/staging-web.bigassbattery.com\/fr\/wp-json\/wp\/v2\/media?parent=7152"}],"curies":[{"name":"wp","href":"https:\/\/api.w.org\/{rel}","templated":true}]}}