{"id":7122,"date":"2025-11-24T12:22:40","date_gmt":"2025-11-24T12:22:40","guid":{"rendered":"https:\/\/staging-web.bigassbattery.com\/smart-ass-energy\/"},"modified":"2026-01-07T13:37:07","modified_gmt":"2026-01-07T13:37:07","slug":"smart-ass-energy","status":"publish","type":"page","link":"https:\/\/staging-web.bigassbattery.com\/fr\/smart-ass-energy\/","title":{"rendered":"Smart Ass Energy"},"content":{"rendered":"\n\n<section class=\"block--hero block--hero--height-small\" >\n    <div class=\"background no-fade-in\">\n                    <div class=\"bg-image\" style=\"background-image: url('https:\/\/staging-web.bigassbattery.com\/wp-content\/uploads\/2025\/10\/cfe9b91dcba7657ac4dcde12082756f0ccab9476-scaled.webp'); background-position: bottom; background-size: cover; background-repeat: no-repeat;\"><\/div>\n            <\/div>\n    <div class=\"container\">\n        <div class=\"hero__content hero__content--align-left\">\n                                        <h1>Smart Ass Energy<\/h1>\n                                        <p>Le nouveau cerveau de votre \u00e9nergie.<\/p>\n                                <\/div>\n\n            <\/div>\n<\/section>\n<section class=\"block--image-text block-bg--light block-bg--pattern\" >\n    <div class=\"container\">\n        <div class=\"block--image-text__container order--image_text has-both is-light-bg  gap-16 lg:gap-32\">\n            <div class=\"block--image-text__container__image overflow-hidden\">\n                                    <img decoding=\"async\" class=\"object-contain\" src=\"https:\/\/staging-web.bigassbattery.com\/wp-content\/uploads\/2025\/11\/connections.webp\" alt=\"Connections\" title=\"Connections\">\n                            <\/div>\n            <div class=\"block--image-text__container__content  \">\n                            <div class=\"heading\">\n                                    <span class=\"heading--subtitle as-h6\">\n                        SMART ASS ENERGY | Comment cela fonctionne-t-il ?                    <\/span>\n                                                    <h2 class=\"heading--title\">\n                        Bien rang\u00e9. Pr\u00eat pour demain.                     <\/h2>\n                            <\/div>\n                                    <div class=\"block--image-text__container__content__text wysiwyg\">\n                        <p>Toujours la s\u00e9curit\u00e9 de l&rsquo;alimentation. Jamais dans l&rsquo;obscurit\u00e9. Et intelligemment g\u00e9r\u00e9e.<br \/>\nSmart Ass Energy est le cerveau de votre \u00e9nergie.<br \/>\nIl veille \u00e0 ce que tous les composants, des batteries et panneaux solaires aux g\u00e9n\u00e9rateurs, pompes \u00e0 chaleur et chargeurs rapides, fonctionnent ensemble comme une unit\u00e9 intelligente.  <\/p>\n<p>Que vous soyez connect\u00e9 au r\u00e9seau, hors r\u00e9seau ou au milieu d&rsquo;un pic de charge :<br \/>\nle syst\u00e8me passe d&rsquo;une source \u00e0 l&rsquo;autre \u00e0 la vitesse de l&rsquo;\u00e9clair et maintient la stabilit\u00e9 de votre entreprise, de votre \u00e9v\u00e9nement ou de votre processus de production.<\/p>\n<p>Il remplace les syst\u00e8mes UPS classiques dans de nombreux cas et fonctionne sans probl\u00e8me avec des syst\u00e8mes de batteries moins intelligents ou import\u00e9s, car nous pouvons commuter en moins d&rsquo;une milliseconde.<br \/>\nM\u00eame avec des combinaisons complexes, telles que plusieurs batteries et g\u00e9n\u00e9rateurs simultan\u00e9s, la qualit\u00e9 de l&rsquo;\u00e9nergie reste propre, stable et s\u00fbre.<\/p>\n                    <\/div>\n                                            <\/div>\n        <\/div>\n    <\/div>\n<\/section>\n<section class=\"block--image-text block-bg--default\" >\n    <div class=\"container\">\n        <div class=\"block--image-text__container order--text_image has-both   gap-16 lg:gap-32\">\n            <div class=\"block--image-text__container__image \">\n                                    <img decoding=\"async\" class=\"object-contain\" src=\"https:\/\/staging-web.bigassbattery.com\/wp-content\/uploads\/2025\/11\/chip-cropped.webp\" alt=\"Plug &amp; Play\" title=\"Plug &amp; Play\">\n                            <\/div>\n            <div class=\"block--image-text__container__content  \">\n                            <div class=\"heading\">\n                                    <span class=\"heading--subtitle as-h6\">\n                        Plug &amp; Play                    <\/span>\n                                                    <h2 class=\"heading--title\">\n                        Smart Ass Energy est enti\u00e8rement pr\u00eat \u00e0 l&#8217;emploi.                    <\/h2>\n                            <\/div>\n                                    <div class=\"block--image-text__container__content__text wysiwyg\">\n                        <p>Connectez vos actifs via notre Load Commander ou notre Power Controller, et le syst\u00e8me reconna\u00eet automatiquement ce qui est connect\u00e9. Qu&rsquo;il s&rsquo;agisse d&rsquo;une pompe \u00e0 chaleur, d&rsquo;un syst\u00e8me photovolta\u00efque ou d&rsquo;une station de recharge, Smart Ass Energy configure tout lui-m\u00eame. <\/p>\n<p>Il vous suffit de choisir le mode : Eco, Max Power ou Cost-efficient &#8211; et le reste se fait automatiquement. Vous ajoutez de nouveaux appareils ? Vous les associez dans le tableau de bord, choisissez la marque et le type, et en quelques secondes, tout fonctionne ensemble.  <\/p>\n<p>Si vous avez une extension ou une nouvelle machine, il n&rsquo;est pas n\u00e9cessaire qu&rsquo;un technicien vienne ajuster le logiciel &#8211; cela se fait enti\u00e8rement \u00e0 la vol\u00e9e. Et si vous n&rsquo;y arrivez toujours pas ou si vous n&rsquo;avez tout simplement pas le temps, notre \u00e9quipe de service est bien entendu \u00e0 votre disposition pour observer ou prendre en charge le probl\u00e8me \u00e0 distance. <\/p>\n<p>Du simple mat\u00e9riel aux \u00e9quipements haut de gamme : tout fonctionne. M\u00eame sur les sites temporaires ou lors d&rsquo;\u00e9v\u00e9nements o\u00f9 plusieurs types de g\u00e9n\u00e9rateurs, de batteries et de consommateurs sont m\u00e9lang\u00e9s, c&rsquo;est vraiment \u00ab\u00a0plug &amp; play\u00a0\u00bb &#8211; toujours avec un fonctionnement optimal et une s\u00e9curit\u00e9 d&rsquo;alimentation. <\/p>\n                    <\/div>\n                                            <\/div>\n        <\/div>\n    <\/div>\n<\/section>\n<section class=\"block--image-text block-bg--gradient block-bg--gradient-position-left\" >\n    <div class=\"container\">\n        <div class=\"block--image-text__container order--image_text has-both  card \">\n            <div class=\"block--image-text__container__image overflow-hidden\">\n                                    <img decoding=\"async\" class=\"object-cover border-r border-border border-b lg:border-b-0\" src=\"https:\/\/staging-web.bigassbattery.com\/wp-content\/uploads\/2025\/11\/wires.webp\" alt=\"Wires\" title=\"Wires\">\n                            <\/div>\n            <div class=\"block--image-text__container__content  p-8 lg:p-12\">\n                            <div class=\"heading\">\n                                    <span class=\"heading--subtitle as-h6\">\n                        Plus intelligent qu&rsquo;intelligent                    <\/span>\n                                                    <h2 class=\"heading--title\">\n                        Auto-apprentissage, pr\u00e9diction et adaptation \u00e0 votre installation.                    <\/h2>\n                            <\/div>\n                                    <div class=\"block--image-text__container__content__text wysiwyg\">\n                        <p>Smart Ass Energy apprend continuellement de votre syst\u00e8me.<\/p>\n<p>Nos algorithmes analysent des milliards de points de donn\u00e9es et optimisent le d\u00e9ploiement de l&rsquo;\u00e9nergie, des batteries, des panneaux solaires et des g\u00e9n\u00e9rateurs en temps r\u00e9el.<\/p>\n<p>Ainsi, le syst\u00e8me d\u00e9termine lui-m\u00eame ce qui est le plus rentable pour vous :<\/p>\n<ul>\n<li>Tout d&rsquo;abord, votre processus de production,<\/li>\n<li>que vos chargeurs rapides,<\/li>\n<li>puis vos chargeurs de VE.<\/li>\n<\/ul>\n<p>L&rsquo;\u00e9cr\u00eatage des pointes, l&rsquo;\u00e9quilibrage de la charge, le filtrage des harmoniques ou la correction du facteur de puissance &#8211; tout se d\u00e9roule automatiquement et sans que vous ayez \u00e0 faire quoi que ce soit. Nous combinons un logiciel intelligent avec des connaissances techniques issues de la pratique. <\/p>\n<p>Si votre batterie est de moins bonne qualit\u00e9, nos algorithmes reconnaissent ce comportement et ajustent le pilotage en cons\u00e9quence pour prolonger sa dur\u00e9e de vie.<\/p>\n<p>Une batterie de marque A, B ou C se comporte diff\u00e9remment &#8211; nous percevons ces diff\u00e9rences et optimisons chaque syst\u00e8me en fonction de son caract\u00e8re propre. Il en va de m\u00eame pour les g\u00e9n\u00e9rateurs : Un vieux diesel r\u00e9agit diff\u00e9remment d&rsquo;une variante moderne Stage V ou hydrog\u00e8ne. <\/p>\n<p>Notre syst\u00e8me le sait, il laisse la phase V s&rsquo;\u00e9chauffer en premier et r\u00e8gle tout en fonction de ce qui est techniquement le plus judicieux. La combinaison des Load Commanders, de nos connaissances techniques et de l&rsquo;EMS cr\u00e9e une version num\u00e9rique de votre installation : <\/p>\n<p>Un jumeau num\u00e9rique vivant qui passe constamment en revue diff\u00e9rents sc\u00e9narios et choisit automatiquement le meilleur. Vous ajoutez un nouvel appareil ? Il est instantan\u00e9ment reconnu, adopt\u00e9 et int\u00e9gr\u00e9 dans la strat\u00e9gie, sans travail manuel ni interruption.  <\/p>\n                    <\/div>\n                                            <\/div>\n        <\/div>\n    <\/div>\n<\/section>\n<section class=\"block--image-text block-bg--default\" >\n    <div class=\"container\">\n        <div class=\"block--image-text__container order--text_image has-both   gap-16 lg:gap-32\">\n            <div class=\"block--image-text__container__image overflow-hidden\">\n                                    <img decoding=\"async\" class=\"object-contain\" src=\"https:\/\/staging-web.bigassbattery.com\/wp-content\/uploads\/2025\/11\/chip-single.webp\" alt=\"Chip security\" title=\"Chip security\">\n                            <\/div>\n            <div class=\"block--image-text__container__content  \">\n                            <div class=\"heading\">\n                                    <span class=\"heading--subtitle as-h6\">\n                        Fiable, europ\u00e9en et pr\u00eat pour l&rsquo;avenir.                    <\/span>\n                                                    <h2 class=\"heading--title\">\n                        Technologie intelligente, donn\u00e9es s\u00e9curis\u00e9es et qualit\u00e9 certifi\u00e9e.                    <\/h2>\n                            <\/div>\n                                    <div class=\"block--image-text__container__content__text wysiwyg\">\n                        <p>Smart Ass Energy a \u00e9t\u00e9 d\u00e9velopp\u00e9 et test\u00e9 en Europe selon les normes les plus strictes.<\/p>\n<p>Nos syst\u00e8mes sont pr\u00eats pour la prochaine exigence de certification de l&rsquo;UE (\u00e0 partir de 2027) et offrent une s\u00e9curit\u00e9 maximale &#8211; \u00e0 la fois \u00e9lectrique et num\u00e9rique.<\/p>\n<ul>\n<li>Cybers\u00e9curit\u00e9 d\u00e8s la conception &#8211; Traitement des donn\u00e9es europ\u00e9ennes, enti\u00e8rement crypt\u00e9es.<\/li>\n<li>Mat\u00e9riel robuste &#8211; r\u00e9sistant \u00e0 la poussi\u00e8re, \u00e0 l&rsquo;eau, aux vibrations et aux temp\u00e9ratures extr\u00eames.<\/li>\n<li>\u00c9volutif &#8211; vous pouvez facilement \u00e9tendre la gestion \u00e0 plusieurs sites, y compris \u00e0 l&rsquo;\u00e9chelle internationale.<\/li>\n<li>Gestion facile &#8211; des \u00e9lectriciens locaux peuvent l&rsquo;installer, nous assurons le service et les mises \u00e0 jour.<\/li>\n<\/ul>\n<p>Smart Ass Energy transforme votre installation \u00e9nerg\u00e9tique en un \u00e9cosyst\u00e8me fiable, intelligent et \u00e0 l&rsquo;\u00e9preuve du temps.<\/p>\n<p>S\u00e9curis\u00e9, \u00e9volutif et enti\u00e8rement sous votre contr\u00f4le.<\/p>\n                    <\/div>\n                                            <\/div>\n        <\/div>\n    <\/div>\n<\/section>","protected":false},"excerpt":{"rendered":"","protected":false},"author":11,"featured_media":0,"parent":0,"menu_order":0,"comment_status":"closed","ping_status":"closed","template":"pages\/dynamic-page-with-blocks-template.php","meta":{"_acf_changed":false,"footnotes":""},"class_list":["post-7122","page","type-page","status-publish","hentry"],"acf":[],"yoast_head":"<!-- This site is optimized with the Yoast SEO plugin v27.4 - https:\/\/yoast.com\/product\/yoast-seo-wordpress\/ -->\n<title>Smart Ass Energy - Big Ass Battery<\/title>\n<meta name=\"robots\" content=\"noindex, follow, max-snippet:-1, max-image-preview:large, max-video-preview:-1\" \/>\n<meta property=\"og:locale\" content=\"fr_FR\" \/>\n<meta property=\"og:type\" content=\"article\" \/>\n<meta property=\"og:title\" content=\"Smart Ass Energy - Big Ass Battery\" \/>\n<meta property=\"og:url\" content=\"https:\/\/staging-web.bigassbattery.com\/fr\/smart-ass-energy\/\" \/>\n<meta property=\"og:site_name\" content=\"Big Ass Battery\" \/>\n<meta property=\"article:publisher\" content=\"https:\/\/m.facebook.com\/bigassbatterys\" \/>\n<meta property=\"article:modified_time\" content=\"2026-01-07T13:37:07+00:00\" \/>\n<meta name=\"twitter:card\" content=\"summary_large_image\" \/>\n<script type=\"application\/ld+json\" class=\"yoast-schema-graph\">{\"@context\":\"https:\\\/\\\/schema.org\",\"@graph\":[{\"@type\":\"WebPage\",\"@id\":\"https:\\\/\\\/staging-web.bigassbattery.com\\\/fr\\\/smart-ass-energy\\\/\",\"url\":\"https:\\\/\\\/staging-web.bigassbattery.com\\\/fr\\\/smart-ass-energy\\\/\",\"name\":\"Smart Ass Energy - Big Ass Battery\",\"isPartOf\":{\"@id\":\"https:\\\/\\\/staging-web.bigassbattery.com\\\/fr\\\/#website\"},\"datePublished\":\"2025-11-24T12:22:40+00:00\",\"dateModified\":\"2026-01-07T13:37:07+00:00\",\"inLanguage\":\"fr-FR\",\"potentialAction\":[{\"@type\":\"ReadAction\",\"target\":[\"https:\\\/\\\/staging-web.bigassbattery.com\\\/fr\\\/smart-ass-energy\\\/\"]}]},{\"@type\":\"WebSite\",\"@id\":\"https:\\\/\\\/staging-web.bigassbattery.com\\\/fr\\\/#website\",\"url\":\"https:\\\/\\\/staging-web.bigassbattery.com\\\/fr\\\/\",\"name\":\"Big Ass Battery\",\"description\":\"Batterijsystemen en omvormers\",\"publisher\":{\"@id\":\"https:\\\/\\\/staging-web.bigassbattery.com\\\/fr\\\/#organization\"},\"potentialAction\":[{\"@type\":\"SearchAction\",\"target\":{\"@type\":\"EntryPoint\",\"urlTemplate\":\"https:\\\/\\\/staging-web.bigassbattery.com\\\/fr\\\/?s={search_term_string}\"},\"query-input\":{\"@type\":\"PropertyValueSpecification\",\"valueRequired\":true,\"valueName\":\"search_term_string\"}}],\"inLanguage\":\"fr-FR\"},{\"@type\":\"Organization\",\"@id\":\"https:\\\/\\\/staging-web.bigassbattery.com\\\/fr\\\/#organization\",\"name\":\"Big Ass Battery\",\"url\":\"https:\\\/\\\/staging-web.bigassbattery.com\\\/fr\\\/\",\"logo\":{\"@type\":\"ImageObject\",\"inLanguage\":\"fr-FR\",\"@id\":\"https:\\\/\\\/staging-web.bigassbattery.com\\\/fr\\\/#\\\/schema\\\/logo\\\/image\\\/\",\"url\":\"https:\\\/\\\/staging-web.bigassbattery.com\\\/wp-content\\\/uploads\\\/2022\\\/07\\\/22129-big-ass-battery-inline-logo-reverse.png\",\"contentUrl\":\"https:\\\/\\\/staging-web.bigassbattery.com\\\/wp-content\\\/uploads\\\/2022\\\/07\\\/22129-big-ass-battery-inline-logo-reverse.png\",\"width\":1200,\"height\":351,\"caption\":\"Big Ass Battery\"},\"image\":{\"@id\":\"https:\\\/\\\/staging-web.bigassbattery.com\\\/fr\\\/#\\\/schema\\\/logo\\\/image\\\/\"},\"sameAs\":[\"https:\\\/\\\/m.facebook.com\\\/bigassbatterys\",\"https:\\\/\\\/nl.linkedin.com\\\/company\\\/big-ass-battery\",\"https:\\\/\\\/www.instagram.com\\\/bigassbattery\\\/?hl=nl\"]}]}<\/script>\n<!-- \/ Yoast SEO plugin. -->","yoast_head_json":{"title":"Smart Ass Energy - Big Ass Battery","robots":{"index":"noindex","follow":"follow","max-snippet":"max-snippet:-1","max-image-preview":"max-image-preview:large","max-video-preview":"max-video-preview:-1"},"og_locale":"fr_FR","og_type":"article","og_title":"Smart Ass Energy - Big Ass Battery","og_url":"https:\/\/staging-web.bigassbattery.com\/fr\/smart-ass-energy\/","og_site_name":"Big Ass Battery","article_publisher":"https:\/\/m.facebook.com\/bigassbatterys","article_modified_time":"2026-01-07T13:37:07+00:00","twitter_card":"summary_large_image","schema":{"@context":"https:\/\/schema.org","@graph":[{"@type":"WebPage","@id":"https:\/\/staging-web.bigassbattery.com\/fr\/smart-ass-energy\/","url":"https:\/\/staging-web.bigassbattery.com\/fr\/smart-ass-energy\/","name":"Smart Ass Energy - Big Ass Battery","isPartOf":{"@id":"https:\/\/staging-web.bigassbattery.com\/fr\/#website"},"datePublished":"2025-11-24T12:22:40+00:00","dateModified":"2026-01-07T13:37:07+00:00","inLanguage":"fr-FR","potentialAction":[{"@type":"ReadAction","target":["https:\/\/staging-web.bigassbattery.com\/fr\/smart-ass-energy\/"]}]},{"@type":"WebSite","@id":"https:\/\/staging-web.bigassbattery.com\/fr\/#website","url":"https:\/\/staging-web.bigassbattery.com\/fr\/","name":"Big Ass Battery","description":"Batterijsystemen en omvormers","publisher":{"@id":"https:\/\/staging-web.bigassbattery.com\/fr\/#organization"},"potentialAction":[{"@type":"SearchAction","target":{"@type":"EntryPoint","urlTemplate":"https:\/\/staging-web.bigassbattery.com\/fr\/?s={search_term_string}"},"query-input":{"@type":"PropertyValueSpecification","valueRequired":true,"valueName":"search_term_string"}}],"inLanguage":"fr-FR"},{"@type":"Organization","@id":"https:\/\/staging-web.bigassbattery.com\/fr\/#organization","name":"Big Ass Battery","url":"https:\/\/staging-web.bigassbattery.com\/fr\/","logo":{"@type":"ImageObject","inLanguage":"fr-FR","@id":"https:\/\/staging-web.bigassbattery.com\/fr\/#\/schema\/logo\/image\/","url":"https:\/\/staging-web.bigassbattery.com\/wp-content\/uploads\/2022\/07\/22129-big-ass-battery-inline-logo-reverse.png","contentUrl":"https:\/\/staging-web.bigassbattery.com\/wp-content\/uploads\/2022\/07\/22129-big-ass-battery-inline-logo-reverse.png","width":1200,"height":351,"caption":"Big Ass Battery"},"image":{"@id":"https:\/\/staging-web.bigassbattery.com\/fr\/#\/schema\/logo\/image\/"},"sameAs":["https:\/\/m.facebook.com\/bigassbatterys","https:\/\/nl.linkedin.com\/company\/big-ass-battery","https:\/\/www.instagram.com\/bigassbattery\/?hl=nl"]}]}},"_links":{"self":[{"href":"https:\/\/staging-web.bigassbattery.com\/fr\/wp-json\/wp\/v2\/pages\/7122","targetHints":{"allow":["GET"]}}],"collection":[{"href":"https:\/\/staging-web.bigassbattery.com\/fr\/wp-json\/wp\/v2\/pages"}],"about":[{"href":"https:\/\/staging-web.bigassbattery.com\/fr\/wp-json\/wp\/v2\/types\/page"}],"author":[{"embeddable":true,"href":"https:\/\/staging-web.bigassbattery.com\/fr\/wp-json\/wp\/v2\/users\/11"}],"replies":[{"embeddable":true,"href":"https:\/\/staging-web.bigassbattery.com\/fr\/wp-json\/wp\/v2\/comments?post=7122"}],"version-history":[{"count":3,"href":"https:\/\/staging-web.bigassbattery.com\/fr\/wp-json\/wp\/v2\/pages\/7122\/revisions"}],"predecessor-version":[{"id":7195,"href":"https:\/\/staging-web.bigassbattery.com\/fr\/wp-json\/wp\/v2\/pages\/7122\/revisions\/7195"}],"wp:attachment":[{"href":"https:\/\/staging-web.bigassbattery.com\/fr\/wp-json\/wp\/v2\/media?parent=7122"}],"curies":[{"name":"wp","href":"https:\/\/api.w.org\/{rel}","templated":true}]}}