{"id":7108,"date":"2025-11-19T13:11:39","date_gmt":"2025-11-19T13:11:39","guid":{"rendered":"https:\/\/staging-web.bigassbattery.com\/load-commander\/"},"modified":"2025-12-24T13:11:07","modified_gmt":"2025-12-24T13:11:07","slug":"load-commander","status":"publish","type":"page","link":"https:\/\/staging-web.bigassbattery.com\/fr\/smart-ass-energy\/load-commander\/","title":{"rendered":"Load Commander"},"content":{"rendered":"\n\n<section class=\"block--hero block--hero--height-big\" >\n    <div class=\"background no-fade-in\">\n                    <iframe loading=\"lazy\"\n                id=\"video\"\n                class=\"hero-video\"\n                data-scale-mobile=\"1.5\"\n                data-scale-desktop=\"1\"\n                src=\"https:\/\/player.vimeo.com\/video\/1140382485?autoplay=1&#038;loop=1&#038;autopause=0&#038;background=1&#038;muted=1\"\n                width=\"100%\"\n                height=\"100%\"\n                frameborder=\"0\"\n                allow=\"autoplay; fullscreen; picture-in-picture\"\n                allowfullscreen\n                style=\"position: absolute; top: 0; left: 0; width: 100%; height: 100%; object-fit: cover;\">\n            <\/iframe>\n            <\/div>\n    <div class=\"container\">\n        <div class=\"hero__content hero__content--align-left\">\n                                        <h1>The Load Commander<\/h1>\n                                        <p>Une seule bo\u00eete. Contr\u00f4le total de l&#039;\u00e9nergie. <\/p>\n                                <\/div>\n\n            <\/div>\n<\/section>\n<section class=\"block--image-text block-bg--image\" style=\"background-image: url(https:\/\/staging-web.bigassbattery.com\/wp-content\/uploads\/2025\/10\/f80df383905b153992ea7343959950ffa08b18d7.webp); background-position: center; background-size: cover; background-repeat: no-repeat;\">\n    <div class=\"container\">\n        <div class=\"block--image-text__container order--text_image has-both  card \">\n            <div class=\"block--image-text__container__image overflow-hidden\">\n                                    <img decoding=\"async\" class=\"object-cover border-l border-border border-b lg:border-b-0\" src=\"https:\/\/staging-web.bigassbattery.com\/wp-content\/uploads\/2025\/10\/Compressed-Image-1.webp\" alt=\"Load Commander Render\" title=\"Load Commander Render\">\n                            <\/div>\n            <div class=\"block--image-text__container__content  p-8 lg:p-12\">\n                            <div class=\"heading\">\n                                    <span class=\"heading--subtitle as-h6\">\n                        Le commandant de charge                    <\/span>\n                                                    <h2 class=\"heading--title\">\n                        Le cerveau qui parle tous les langages techniques                    <\/h2>\n                            <\/div>\n                                    <div class=\"block--image-text__container__content__text wysiwyg\">\n                        <p>Le Load Commander est un bo\u00eetier intelligent qui comprend tous les langages techniques et les traduit en une seule norme.<\/p>\n<p>Qu&rsquo;il s&rsquo;agisse de compteurs de kWh, de panneaux solaires, de stations de recharge, de chargeurs rapides, de batteries, de pompes \u00e0 chaleur, d&rsquo;unit\u00e9s de r\u00e9frig\u00e9ration ou m\u00eame de lignes de production compl\u00e8tes, le Load Commander les connecte tous ensemble pour qu&rsquo;ils se comprennent et travaillent ensemble : Le Load Commander les connecte tous ensemble pour qu&rsquo;ils puissent se comprendre et travailler ensemble.<\/p>\n<p>Plus d&rsquo;appareils s\u00e9par\u00e9s qui se parlent, mais un syst\u00e8me intelligent qui comprend ce qui se passe r\u00e9ellement.<\/p>\n                    <\/div>\n                                            <\/div>\n        <\/div>\n    <\/div>\n<\/section>\n<section class=\"block--image-text block-bg--light\" >\n    <div class=\"container\">\n        <div class=\"block--image-text__container order--image_text has-both is-light-bg  gap-16 lg:gap-32\">\n            <div class=\"block--image-text__container__image overflow-hidden\">\n                                    <img decoding=\"async\" class=\"object-contain\" src=\"https:\/\/staging-web.bigassbattery.com\/wp-content\/uploads\/2025\/11\/connections.webp\" alt=\"Connections\" title=\"Connections\">\n                            <\/div>\n            <div class=\"block--image-text__container__content  \">\n                            <div class=\"heading\">\n                                    <span class=\"heading--subtitle as-h6\">\n                        Comment cela fonctionne-t-il ?                    <\/span>\n                                                    <h2 class=\"heading--title\">\n                        Un jumelage astucieux, une connexion automatique                    <\/h2>\n                            <\/div>\n                                    <div class=\"block--image-text__container__content__text wysiwyg\">\n                        <p>Chaque appareil parle sa propre langue.<br \/>\nIl s&rsquo;agit parfois de Modbus, CAN-bus ou MQTT, et parfois d&rsquo;un simple signal marche\/arr\u00eat. Le Load Commander les reconna\u00eet tous, traduit les signaux et les transforme en un langage unifi\u00e9 que notre syst\u00e8me de gestion de l&rsquo;\u00e9nergie (EMS) comprend. <\/p>\n<p>Tous les Load Commanders travaillent ensemble dans un r\u00e9seau maill\u00e9 : ils se voient, s&rsquo;entraident et partagent ce qu&rsquo;ils savent. Aucune unit\u00e9 centrale n&rsquo;est n\u00e9cessaire, ils forment ensemble un collectif intelligent. <\/p>\n<p>Vous achetez un nouvel appareil ? Pas de probl\u00e8me.<br \/>\nVous le branchez, choisissez la marque et le type dans le portail, et le Load Commander fait le reste. En quelques secondes, tout est int\u00e9gr\u00e9.  <\/p>\n<p>Plug. D\u00e9tecter. Ready.  <\/p>\n                    <\/div>\n                                            <\/div>\n        <\/div>\n    <\/div>\n<\/section>\n<section class=\"block--image-text block-bg--image\" style=\"background-image: url(https:\/\/staging-web.bigassbattery.com\/wp-content\/uploads\/2025\/11\/background-chip-scaled.jpg); background-position: center; background-size: cover; background-repeat: no-repeat;\">\n    <div class=\"container\">\n        <div class=\"block--image-text__container order--text_image    \">\n            <div class=\"block--image-text__container__image overflow-hidden\">\n                            <\/div>\n            <div class=\"block--image-text__container__content card \">\n                            <div class=\"heading\">\n                                    <span class=\"heading--subtitle as-h6\">\n                        La s\u00e9curit\u00e9 avant tout                    <\/span>\n                                                    <h2 class=\"heading--title\">\n                        Intelligent et s\u00e9curis\u00e9 jusqu&rsquo;au nuage                    <\/h2>\n                            <\/div>\n                                    <div class=\"block--image-text__container__content__text wysiwyg\">\n                        <p>La s\u00e9curit\u00e9 n&rsquo;est pas facultative &#8211; elle est \u00e0 la base de tous les syst\u00e8mes que nous construisons.<\/p>\n<p>Le Load Commander communique uniquement par le biais de connexions crypt\u00e9es conform\u00e9ment aux normes TLS les plus r\u00e9centes. Les machines connect\u00e9es via nos Load Commander ne peuvent jamais communiquer directement avec l&rsquo;internet. <\/p>\n<p>M\u00eame si vous utilisez des actifs de diff\u00e9rentes marques ou de diff\u00e9rents pays, ils restent totalement prot\u00e9g\u00e9s au sein de votre propre r\u00e9seau \u00e9nerg\u00e9tique s\u00e9curis\u00e9.<br \/>\nVous d\u00e9cidez de ce qui entre et de ce qui sort &#8211; et personne d&rsquo;autre.<\/p>\n                    <\/div>\n                                            <\/div>\n        <\/div>\n    <\/div>\n<\/section>","protected":false},"excerpt":{"rendered":"","protected":false},"author":11,"featured_media":0,"parent":7122,"menu_order":0,"comment_status":"closed","ping_status":"closed","template":"pages\/dynamic-page-with-blocks-template.php","meta":{"_acf_changed":false,"footnotes":""},"class_list":["post-7108","page","type-page","status-publish","hentry"],"acf":[],"yoast_head":"<!-- This site is optimized with the Yoast SEO plugin v27.4 - https:\/\/yoast.com\/product\/yoast-seo-wordpress\/ -->\n<title>Load Commander - Big Ass Battery<\/title>\n<meta name=\"robots\" content=\"noindex, follow, max-snippet:-1, max-image-preview:large, max-video-preview:-1\" \/>\n<meta property=\"og:locale\" content=\"fr_FR\" \/>\n<meta property=\"og:type\" content=\"article\" \/>\n<meta property=\"og:title\" content=\"Load Commander - Big Ass Battery\" \/>\n<meta property=\"og:url\" content=\"https:\/\/staging-web.bigassbattery.com\/fr\/smart-ass-energy\/load-commander\/\" \/>\n<meta property=\"og:site_name\" content=\"Big Ass Battery\" \/>\n<meta property=\"article:publisher\" content=\"https:\/\/m.facebook.com\/bigassbatterys\" \/>\n<meta property=\"article:modified_time\" content=\"2025-12-24T13:11:07+00:00\" \/>\n<meta name=\"twitter:card\" content=\"summary_large_image\" \/>\n<script type=\"application\/ld+json\" class=\"yoast-schema-graph\">{\"@context\":\"https:\\\/\\\/schema.org\",\"@graph\":[{\"@type\":\"WebPage\",\"@id\":\"https:\\\/\\\/staging-web.bigassbattery.com\\\/fr\\\/smart-ass-energy\\\/load-commander\\\/\",\"url\":\"https:\\\/\\\/staging-web.bigassbattery.com\\\/fr\\\/smart-ass-energy\\\/load-commander\\\/\",\"name\":\"Load Commander - Big Ass Battery\",\"isPartOf\":{\"@id\":\"https:\\\/\\\/staging-web.bigassbattery.com\\\/fr\\\/#website\"},\"datePublished\":\"2025-11-19T13:11:39+00:00\",\"dateModified\":\"2025-12-24T13:11:07+00:00\",\"breadcrumb\":{\"@id\":\"https:\\\/\\\/staging-web.bigassbattery.com\\\/fr\\\/smart-ass-energy\\\/load-commander\\\/#breadcrumb\"},\"inLanguage\":\"fr-FR\",\"potentialAction\":[{\"@type\":\"ReadAction\",\"target\":[\"https:\\\/\\\/staging-web.bigassbattery.com\\\/fr\\\/smart-ass-energy\\\/load-commander\\\/\"]}]},{\"@type\":\"BreadcrumbList\",\"@id\":\"https:\\\/\\\/staging-web.bigassbattery.com\\\/fr\\\/smart-ass-energy\\\/load-commander\\\/#breadcrumb\",\"itemListElement\":[{\"@type\":\"ListItem\",\"position\":1,\"name\":\"Smart Ass Energy\",\"item\":\"https:\\\/\\\/staging-web.bigassbattery.com\\\/fr\\\/smart-ass-energy\\\/\"},{\"@type\":\"ListItem\",\"position\":2,\"name\":\"Load Commander\"}]},{\"@type\":\"WebSite\",\"@id\":\"https:\\\/\\\/staging-web.bigassbattery.com\\\/fr\\\/#website\",\"url\":\"https:\\\/\\\/staging-web.bigassbattery.com\\\/fr\\\/\",\"name\":\"Big Ass Battery\",\"description\":\"Batterijsystemen en omvormers\",\"publisher\":{\"@id\":\"https:\\\/\\\/staging-web.bigassbattery.com\\\/fr\\\/#organization\"},\"potentialAction\":[{\"@type\":\"SearchAction\",\"target\":{\"@type\":\"EntryPoint\",\"urlTemplate\":\"https:\\\/\\\/staging-web.bigassbattery.com\\\/fr\\\/?s={search_term_string}\"},\"query-input\":{\"@type\":\"PropertyValueSpecification\",\"valueRequired\":true,\"valueName\":\"search_term_string\"}}],\"inLanguage\":\"fr-FR\"},{\"@type\":\"Organization\",\"@id\":\"https:\\\/\\\/staging-web.bigassbattery.com\\\/fr\\\/#organization\",\"name\":\"Big Ass Battery\",\"url\":\"https:\\\/\\\/staging-web.bigassbattery.com\\\/fr\\\/\",\"logo\":{\"@type\":\"ImageObject\",\"inLanguage\":\"fr-FR\",\"@id\":\"https:\\\/\\\/staging-web.bigassbattery.com\\\/fr\\\/#\\\/schema\\\/logo\\\/image\\\/\",\"url\":\"https:\\\/\\\/staging-web.bigassbattery.com\\\/wp-content\\\/uploads\\\/2022\\\/07\\\/22129-big-ass-battery-inline-logo-reverse.png\",\"contentUrl\":\"https:\\\/\\\/staging-web.bigassbattery.com\\\/wp-content\\\/uploads\\\/2022\\\/07\\\/22129-big-ass-battery-inline-logo-reverse.png\",\"width\":1200,\"height\":351,\"caption\":\"Big Ass Battery\"},\"image\":{\"@id\":\"https:\\\/\\\/staging-web.bigassbattery.com\\\/fr\\\/#\\\/schema\\\/logo\\\/image\\\/\"},\"sameAs\":[\"https:\\\/\\\/m.facebook.com\\\/bigassbatterys\",\"https:\\\/\\\/nl.linkedin.com\\\/company\\\/big-ass-battery\",\"https:\\\/\\\/www.instagram.com\\\/bigassbattery\\\/?hl=nl\"]}]}<\/script>\n<!-- \/ Yoast SEO plugin. -->","yoast_head_json":{"title":"Load Commander - Big Ass Battery","robots":{"index":"noindex","follow":"follow","max-snippet":"max-snippet:-1","max-image-preview":"max-image-preview:large","max-video-preview":"max-video-preview:-1"},"og_locale":"fr_FR","og_type":"article","og_title":"Load Commander - Big Ass Battery","og_url":"https:\/\/staging-web.bigassbattery.com\/fr\/smart-ass-energy\/load-commander\/","og_site_name":"Big Ass Battery","article_publisher":"https:\/\/m.facebook.com\/bigassbatterys","article_modified_time":"2025-12-24T13:11:07+00:00","twitter_card":"summary_large_image","schema":{"@context":"https:\/\/schema.org","@graph":[{"@type":"WebPage","@id":"https:\/\/staging-web.bigassbattery.com\/fr\/smart-ass-energy\/load-commander\/","url":"https:\/\/staging-web.bigassbattery.com\/fr\/smart-ass-energy\/load-commander\/","name":"Load Commander - Big Ass Battery","isPartOf":{"@id":"https:\/\/staging-web.bigassbattery.com\/fr\/#website"},"datePublished":"2025-11-19T13:11:39+00:00","dateModified":"2025-12-24T13:11:07+00:00","breadcrumb":{"@id":"https:\/\/staging-web.bigassbattery.com\/fr\/smart-ass-energy\/load-commander\/#breadcrumb"},"inLanguage":"fr-FR","potentialAction":[{"@type":"ReadAction","target":["https:\/\/staging-web.bigassbattery.com\/fr\/smart-ass-energy\/load-commander\/"]}]},{"@type":"BreadcrumbList","@id":"https:\/\/staging-web.bigassbattery.com\/fr\/smart-ass-energy\/load-commander\/#breadcrumb","itemListElement":[{"@type":"ListItem","position":1,"name":"Smart Ass Energy","item":"https:\/\/staging-web.bigassbattery.com\/fr\/smart-ass-energy\/"},{"@type":"ListItem","position":2,"name":"Load Commander"}]},{"@type":"WebSite","@id":"https:\/\/staging-web.bigassbattery.com\/fr\/#website","url":"https:\/\/staging-web.bigassbattery.com\/fr\/","name":"Big Ass Battery","description":"Batterijsystemen en omvormers","publisher":{"@id":"https:\/\/staging-web.bigassbattery.com\/fr\/#organization"},"potentialAction":[{"@type":"SearchAction","target":{"@type":"EntryPoint","urlTemplate":"https:\/\/staging-web.bigassbattery.com\/fr\/?s={search_term_string}"},"query-input":{"@type":"PropertyValueSpecification","valueRequired":true,"valueName":"search_term_string"}}],"inLanguage":"fr-FR"},{"@type":"Organization","@id":"https:\/\/staging-web.bigassbattery.com\/fr\/#organization","name":"Big Ass Battery","url":"https:\/\/staging-web.bigassbattery.com\/fr\/","logo":{"@type":"ImageObject","inLanguage":"fr-FR","@id":"https:\/\/staging-web.bigassbattery.com\/fr\/#\/schema\/logo\/image\/","url":"https:\/\/staging-web.bigassbattery.com\/wp-content\/uploads\/2022\/07\/22129-big-ass-battery-inline-logo-reverse.png","contentUrl":"https:\/\/staging-web.bigassbattery.com\/wp-content\/uploads\/2022\/07\/22129-big-ass-battery-inline-logo-reverse.png","width":1200,"height":351,"caption":"Big Ass Battery"},"image":{"@id":"https:\/\/staging-web.bigassbattery.com\/fr\/#\/schema\/logo\/image\/"},"sameAs":["https:\/\/m.facebook.com\/bigassbatterys","https:\/\/nl.linkedin.com\/company\/big-ass-battery","https:\/\/www.instagram.com\/bigassbattery\/?hl=nl"]}]}},"_links":{"self":[{"href":"https:\/\/staging-web.bigassbattery.com\/fr\/wp-json\/wp\/v2\/pages\/7108","targetHints":{"allow":["GET"]}}],"collection":[{"href":"https:\/\/staging-web.bigassbattery.com\/fr\/wp-json\/wp\/v2\/pages"}],"about":[{"href":"https:\/\/staging-web.bigassbattery.com\/fr\/wp-json\/wp\/v2\/types\/page"}],"author":[{"embeddable":true,"href":"https:\/\/staging-web.bigassbattery.com\/fr\/wp-json\/wp\/v2\/users\/11"}],"replies":[{"embeddable":true,"href":"https:\/\/staging-web.bigassbattery.com\/fr\/wp-json\/wp\/v2\/comments?post=7108"}],"version-history":[{"count":1,"href":"https:\/\/staging-web.bigassbattery.com\/fr\/wp-json\/wp\/v2\/pages\/7108\/revisions"}],"predecessor-version":[{"id":7109,"href":"https:\/\/staging-web.bigassbattery.com\/fr\/wp-json\/wp\/v2\/pages\/7108\/revisions\/7109"}],"up":[{"embeddable":true,"href":"https:\/\/staging-web.bigassbattery.com\/fr\/wp-json\/wp\/v2\/pages\/7122"}],"wp:attachment":[{"href":"https:\/\/staging-web.bigassbattery.com\/fr\/wp-json\/wp\/v2\/media?parent=7108"}],"curies":[{"name":"wp","href":"https:\/\/api.w.org\/{rel}","templated":true}]}}