{"id":7173,"date":"2025-12-03T13:26:27","date_gmt":"2025-12-03T13:26:27","guid":{"rendered":"https:\/\/staging-web.bigassbattery.com\/big-ass-service\/"},"modified":"2026-01-07T13:34:02","modified_gmt":"2026-01-07T13:34:02","slug":"big-ass-service","status":"publish","type":"page","link":"https:\/\/staging-web.bigassbattery.com\/de\/big-ass-service\/","title":{"rendered":"Big Ass Service"},"content":{"rendered":"\n\n<section class=\"block--hero block--hero--height-small\" >\n    <div class=\"background no-fade-in\">\n                    <div class=\"bg-image\" style=\"background-image: url('https:\/\/staging-web.bigassbattery.com\/wp-content\/uploads\/2025\/10\/cfe9b91dcba7657ac4dcde12082756f0ccab9476-scaled.webp'); background-position: bottom; background-size: cover; background-repeat: no-repeat;\"><\/div>\n            <\/div>\n    <div class=\"container\">\n        <div class=\"hero__content hero__content--align-left\">\n                                        <h1>Big Ass Service<\/h1>\n                                        <p>Immer in Bereitschaft. Aber eher \u00fcberfl\u00fcssig. <\/p>\n                                <\/div>\n\n            <\/div>\n<\/section>\n<section class=\"block--image-text block-bg--default block-bg--pattern\" >\n    <div class=\"container\">\n        <div class=\"block--image-text__container order--text_image has-both  card \">\n            <div class=\"block--image-text__container__image overflow-hidden\">\n                                    <img decoding=\"async\" class=\"object-cover border-l border-border border-b lg:border-b-0\" src=\"https:\/\/staging-web.bigassbattery.com\/wp-content\/uploads\/2025\/04\/Big-Ass-Battery-Production-Factory-240124-3_optimized.webp\" alt=\"\">\n                            <\/div>\n            <div class=\"block--image-text__container__content  p-8 lg:p-12\">\n                            <div class=\"heading\">\n                                                    <h2 class=\"heading--title\">\n                        Service &amp; Unterst\u00fctzung                    <\/h2>\n                            <\/div>\n                                    <div class=\"block--image-text__container__content__text wysiwyg\">\n                        <p>Wir von Big Ass Battery sind der Meinung, dass der beste Service der ist, den Sie nie brauchen.<\/p>\n<p>Deshalb bauen wir unsere Systeme so stabil, intelligent und selbstkorrigierend wie m\u00f6glich.<\/p>\n<p>Aber sollte doch einmal etwas passieren, ist unser Serviceteam bereit, Ihnen zu helfen.<\/p>\n                    <\/div>\n                                            <\/div>\n        <\/div>\n    <\/div>\n<\/section>\n<section class=\"block--image-text block-bg--gradient block-bg--gradient-position-right\" >\n    <div class=\"container\">\n        <div class=\"block--image-text__container order--image_text has-both  card \">\n            <div class=\"block--image-text__container__image overflow-hidden\">\n                                    <img decoding=\"async\" class=\"object-cover border-r border-border border-b lg:border-b-0\" src=\"https:\/\/staging-web.bigassbattery.com\/wp-content\/uploads\/2025\/04\/Big-Ass-Battery-Production-Factory20-19_compressed.jpg\" alt=\"\">\n                            <\/div>\n            <div class=\"block--image-text__container__content  p-8 lg:p-12\">\n                            <div class=\"heading\">\n                                                    <h2 class=\"heading--title\">\n                        Vorbeugen ist besser als heilen                    <\/h2>\n                            <\/div>\n                                    <div class=\"block--image-text__container__content__text wysiwyg\">\n                        <p>Unsere Systeme \u00fcberwachen sich st\u00e4ndig selbst.<\/p>\n<p>Intelligente Algorithmen erkennen Anomalien, noch bevor sie zu einem Ausfall f\u00fchren.<\/p>\n<p>So k\u00f6nnen wir aus der Ferne Anpassungen vornehmen, Warnungen ausgeben oder sogar automatisch korrigieren.<\/p>\n<p>Die Bedeutung:<\/p>\n<ul>\n<li>Weniger unerwartete Ausfallzeiten.<\/li>\n<li>L\u00e4ngere Lebensdauer Ihrer Anlagen.<\/li>\n<li>Weniger Abh\u00e4ngigkeit von Mechanikern.<\/li>\n<\/ul>\n<p>Und wenn es ein physisches Problem gibt, verf\u00fcgen wir \u00fcber das n\u00f6tige Fachwissen, um schnell zu reagieren &#8211; ohne lange Wartezeiten oder externe Parteien.<\/p>\n                    <\/div>\n                                            <\/div>\n        <\/div>\n    <\/div>\n<\/section>\n<section class=\"block--image-text block-bg--gradient block-bg--gradient-position-left\" >\n    <div class=\"container\">\n        <div class=\"block--image-text__container order--text_image has-both  card \">\n            <div class=\"block--image-text__container__image overflow-hidden\">\n                                    <img decoding=\"async\" class=\"object-cover border-l border-border border-b lg:border-b-0\" src=\"https:\/\/staging-web.bigassbattery.com\/wp-content\/uploads\/2025\/04\/Big-Ass-Battery-08-12-2022-Epsilon-Studios-Ektor-Tsolodimos-32-scaled_optimized.webp\" alt=\"\">\n                            <\/div>\n            <div class=\"block--image-text__container__content  p-8 lg:p-12\">\n                            <div class=\"heading\">\n                                                    <h2 class=\"heading--title\">\n                        Fernunterst\u00fctzung und -\u00fcberwachung                    <\/h2>\n                            <\/div>\n                                    <div class=\"block--image-text__container__content__text wysiwyg\">\n                        <p>\u00dcber unsere Smart Ass Energy-Plattform haben wir und Sie als Kunde jederzeit vollen Einblick in den Status Ihres Systems.<\/p>\n<p>Von Spannungen und Temperaturen bis hin zu Kommunikations- und Ladeprofilen &#8211; alles kann live \u00fcberwacht werden.<\/p>\n<p>Im Falle einer Anomalie wird unser Team sofort benachrichtigt.<\/p>\n<p>Wir k\u00f6nnen uns aus der Ferne einloggen, das Problem analysieren und &#8211; wenn m\u00f6glich &#8211; sofort l\u00f6sen.<\/p>\n<p>Und das alles sicher, verschl\u00fcsselt und mit Ihrer Zustimmung.<\/p>\n                    <\/div>\n                                            <\/div>\n        <\/div>\n    <\/div>\n<\/section>\n<section class=\"block--image-text block-bg--gradient block-bg--gradient-position-right\" >\n    <div class=\"container\">\n        <div class=\"block--image-text__container order--image_text has-both  card \">\n            <div class=\"block--image-text__container__image overflow-hidden\">\n                                    <img decoding=\"async\" class=\"object-cover border-r border-border border-b lg:border-b-0\" src=\"https:\/\/staging-web.bigassbattery.com\/wp-content\/uploads\/2025\/04\/Big-Ass-Battery-Production-Factory20-3-optimized.jpg\" alt=\"\">\n                            <\/div>\n            <div class=\"block--image-text__container__content  p-8 lg:p-12\">\n                            <div class=\"heading\">\n                                                    <h2 class=\"heading--title\">\n                        Vorbeugende Wartung &#8211; Ihr System in bestem Zustand                    <\/h2>\n                            <\/div>\n                                    <div class=\"block--image-text__container__content__text wysiwyg\">\n                        <p>Wie ein Auto muss auch ein Stromsystem regelm\u00e4\u00dfig gewartet werden, um zuverl\u00e4ssig zu bleiben.<\/p>\n<p>Deshalb bieten wir vorbeugende Wartungsprogramme an, die Ihre Anlage in optimalem Zustand halten.<\/p>\n<p>Unsere Techniker f\u00fchren unter anderem folgende Aufgaben aus:<\/p>\n<ul>\n<li>Sichtpr\u00fcfung von Schr\u00e4nken, Kabeln und Verbindungen<\/li>\n<li>Pr\u00fcfen und Festziehen von Schrauben, Muttern und Verbindern<\/li>\n<li>Reinigung und Austausch von Luftfiltern oder L\u00fcftungsteilen<\/li>\n<li>Temperatur- und Spannungsmessungen pro Komponente<\/li>\n<li>\u00dcberwachung von Sicherheitssystemen und Alarmfunktionen<\/li>\n<li>Bericht mit Empfehlungen und Messergebnissen<\/li>\n<\/ul>\n<p>Betrachten Sie es als eine Art T\u00dcV und General\u00fcberholung in einem &#8211; f\u00fcr Ihr Energiesystem.<\/p>\n<p>So bleibt alles zuverl\u00e4ssig, sauber und bereit f\u00fcr maximale Leistung.<\/p>\n                    <\/div>\n                                            <\/div>\n        <\/div>\n    <\/div>\n<\/section>\n<section class=\"block--image-text block-bg--light block-bg--pattern\" >\n    <div class=\"container\">\n        <div class=\"block--image-text__container order--text_image has-both is-light-bg  gap-16 lg:gap-32\">\n            <div class=\"block--image-text__container__image overflow-hidden\">\n                                    <img decoding=\"async\" class=\"object-contain\" src=\"https:\/\/staging-web.bigassbattery.com\/wp-content\/uploads\/2025\/04\/Productie-BigAssBattery2306.webp\" alt=\"\">\n                            <\/div>\n            <div class=\"block--image-text__container__content  \">\n                            <div class=\"heading\">\n                                                    <h2 class=\"heading--title\">\n                          Vor-Ort-Service, wenn er wirklich ben\u00f6tigt wird                    <\/h2>\n                            <\/div>\n                                    <div class=\"block--image-text__container__content__text wysiwyg\">\n                        <p>Manchmal erfordert eine Situation ein Paar H\u00e4nde vor Ort.<\/p>\n<p>Unsere Servicetechniker sind auf Energiespeicherung, Leistungselektronik und Steuerungstechnik spezialisiert.<\/p>\n<p>Sie wissen genau, was sie tun &#8211; und warum.<\/p>\n<p>Von Inspektion und Wartung bis hin zu Austausch und Rekalibrierung: Wir sorgen daf\u00fcr, dass Ihr System schnell wieder online ist.<\/p>\n                    <\/div>\n                                            <\/div>\n        <\/div>\n    <\/div>\n<\/section>\n<section class=\"block--image-text block-bg--default block-bg--pattern\" >\n    <div class=\"container\">\n        <div class=\"block--image-text__container order--image_text has-both   gap-16 lg:gap-32\">\n            <div class=\"block--image-text__container__image overflow-hidden\">\n                                    <img decoding=\"async\" class=\"object-contain\" src=\"https:\/\/staging-web.bigassbattery.com\/wp-content\/uploads\/2025\/05\/converted_Big-Ass-Battery-Production-Factory20-21.jpg\" alt=\"\">\n                            <\/div>\n            <div class=\"block--image-text__container__content  \">\n                            <div class=\"heading\">\n                                                    <h2 class=\"heading--title\">\n                        Immer ein einziger Ansprechpartner                    <\/h2>\n                            <\/div>\n                                    <div class=\"block--image-text__container__content__text wysiwyg\">\n                        <p>Bei uns gibt es keine Men\u00fcs oder anonyme Helpdesks.<\/p>\n<p>Sie haben direkten Kontakt zu jemandem, der wei\u00df, worum es geht.<\/p>\n<p>Unser Serviceteam arbeitet eng mit Ingenieuren zusammen, die die Systeme wirklich kennen &#8211; das spart Zeit, Frustration und unn\u00f6tige Ausfallzeiten.<\/p>\n                    <\/div>\n                                            <\/div>\n        <\/div>\n    <\/div>\n<\/section>\n<section class=\"block--image-text block-bg--gradient block-bg--gradient-position-left\" >\n    <div class=\"container\">\n        <div class=\"block--image-text__container order--text_image has-both  card \">\n            <div class=\"block--image-text__container__image overflow-hidden\">\n                                    <img decoding=\"async\" class=\"object-cover border-l border-border border-b lg:border-b-0\" src=\"https:\/\/staging-web.bigassbattery.com\/wp-content\/uploads\/2023\/11\/Big-Ass-Battery-08-12-2022-Epsilon-Studios-Ektor-Tsolodimos-31.png\" alt=\"\">\n                            <\/div>\n            <div class=\"block--image-text__container__content  p-8 lg:p-12\">\n                            <div class=\"heading\">\n                                                    <h2 class=\"heading--title\">\n                        Unsere Mission: dass Sie uns nicht brauchen                    <\/h2>\n                            <\/div>\n                                    <div class=\"block--image-text__container__content__text wysiwyg\">\n                        <p>Wir schaffen Systeme, die sich selbst \u00fcberwachen, Fehler verhindern und automatisch Updates durchf\u00fchren.<\/p>\n<p>Deshalb ziehen es unsere Mechaniker vor, arbeitslos zu sein &#8211; aber wenn sie in Aktion treten m\u00fcssen, sind sie schneller als das Licht.<\/p>\n<p>Big Ass Battery Service.<\/p>\n<p>Intelligente Systeme. Ruhige N\u00e4chte. <\/p>\n                    <\/div>\n                                            <\/div>\n        <\/div>\n    <\/div>\n<\/section>","protected":false},"excerpt":{"rendered":"","protected":false},"author":11,"featured_media":0,"parent":0,"menu_order":0,"comment_status":"closed","ping_status":"closed","template":"pages\/dynamic-page-with-blocks-template.php","meta":{"_acf_changed":false,"footnotes":""},"class_list":["post-7173","page","type-page","status-publish","hentry"],"acf":[],"yoast_head":"<!-- This site is optimized with the Yoast SEO plugin v27.4 - https:\/\/yoast.com\/product\/yoast-seo-wordpress\/ -->\n<title>Big Ass Service - Big Ass Battery<\/title>\n<meta name=\"robots\" content=\"noindex, follow, max-snippet:-1, max-image-preview:large, max-video-preview:-1\" \/>\n<meta property=\"og:locale\" content=\"de_DE\" \/>\n<meta property=\"og:type\" content=\"article\" \/>\n<meta property=\"og:title\" content=\"Big Ass Service - Big Ass Battery\" \/>\n<meta property=\"og:url\" content=\"https:\/\/staging-web.bigassbattery.com\/de\/big-ass-service\/\" \/>\n<meta property=\"og:site_name\" content=\"Big Ass Battery\" \/>\n<meta property=\"article:publisher\" content=\"https:\/\/m.facebook.com\/bigassbatterys\" \/>\n<meta property=\"article:modified_time\" content=\"2026-01-07T13:34:02+00:00\" \/>\n<meta name=\"twitter:card\" content=\"summary_large_image\" \/>\n<script type=\"application\/ld+json\" class=\"yoast-schema-graph\">{\"@context\":\"https:\\\/\\\/schema.org\",\"@graph\":[{\"@type\":\"WebPage\",\"@id\":\"https:\\\/\\\/staging-web.bigassbattery.com\\\/de\\\/big-ass-service\\\/\",\"url\":\"https:\\\/\\\/staging-web.bigassbattery.com\\\/de\\\/big-ass-service\\\/\",\"name\":\"Big Ass Service - Big Ass Battery\",\"isPartOf\":{\"@id\":\"https:\\\/\\\/staging-web.bigassbattery.com\\\/de\\\/#website\"},\"datePublished\":\"2025-12-03T13:26:27+00:00\",\"dateModified\":\"2026-01-07T13:34:02+00:00\",\"inLanguage\":\"de\",\"potentialAction\":[{\"@type\":\"ReadAction\",\"target\":[\"https:\\\/\\\/staging-web.bigassbattery.com\\\/de\\\/big-ass-service\\\/\"]}]},{\"@type\":\"WebSite\",\"@id\":\"https:\\\/\\\/staging-web.bigassbattery.com\\\/de\\\/#website\",\"url\":\"https:\\\/\\\/staging-web.bigassbattery.com\\\/de\\\/\",\"name\":\"Big Ass Battery\",\"description\":\"Batterijsystemen en omvormers\",\"publisher\":{\"@id\":\"https:\\\/\\\/staging-web.bigassbattery.com\\\/de\\\/#organization\"},\"potentialAction\":[{\"@type\":\"SearchAction\",\"target\":{\"@type\":\"EntryPoint\",\"urlTemplate\":\"https:\\\/\\\/staging-web.bigassbattery.com\\\/de\\\/?s={search_term_string}\"},\"query-input\":{\"@type\":\"PropertyValueSpecification\",\"valueRequired\":true,\"valueName\":\"search_term_string\"}}],\"inLanguage\":\"de\"},{\"@type\":\"Organization\",\"@id\":\"https:\\\/\\\/staging-web.bigassbattery.com\\\/de\\\/#organization\",\"name\":\"Big Ass Battery\",\"url\":\"https:\\\/\\\/staging-web.bigassbattery.com\\\/de\\\/\",\"logo\":{\"@type\":\"ImageObject\",\"inLanguage\":\"de\",\"@id\":\"https:\\\/\\\/staging-web.bigassbattery.com\\\/de\\\/#\\\/schema\\\/logo\\\/image\\\/\",\"url\":\"https:\\\/\\\/staging-web.bigassbattery.com\\\/wp-content\\\/uploads\\\/2022\\\/07\\\/22129-big-ass-battery-inline-logo-reverse.png\",\"contentUrl\":\"https:\\\/\\\/staging-web.bigassbattery.com\\\/wp-content\\\/uploads\\\/2022\\\/07\\\/22129-big-ass-battery-inline-logo-reverse.png\",\"width\":1200,\"height\":351,\"caption\":\"Big Ass Battery\"},\"image\":{\"@id\":\"https:\\\/\\\/staging-web.bigassbattery.com\\\/de\\\/#\\\/schema\\\/logo\\\/image\\\/\"},\"sameAs\":[\"https:\\\/\\\/m.facebook.com\\\/bigassbatterys\",\"https:\\\/\\\/nl.linkedin.com\\\/company\\\/big-ass-battery\",\"https:\\\/\\\/www.instagram.com\\\/bigassbattery\\\/?hl=nl\"]}]}<\/script>\n<!-- \/ Yoast SEO plugin. -->","yoast_head_json":{"title":"Big Ass Service - Big Ass Battery","robots":{"index":"noindex","follow":"follow","max-snippet":"max-snippet:-1","max-image-preview":"max-image-preview:large","max-video-preview":"max-video-preview:-1"},"og_locale":"de_DE","og_type":"article","og_title":"Big Ass Service - Big Ass Battery","og_url":"https:\/\/staging-web.bigassbattery.com\/de\/big-ass-service\/","og_site_name":"Big Ass Battery","article_publisher":"https:\/\/m.facebook.com\/bigassbatterys","article_modified_time":"2026-01-07T13:34:02+00:00","twitter_card":"summary_large_image","schema":{"@context":"https:\/\/schema.org","@graph":[{"@type":"WebPage","@id":"https:\/\/staging-web.bigassbattery.com\/de\/big-ass-service\/","url":"https:\/\/staging-web.bigassbattery.com\/de\/big-ass-service\/","name":"Big Ass Service - Big Ass Battery","isPartOf":{"@id":"https:\/\/staging-web.bigassbattery.com\/de\/#website"},"datePublished":"2025-12-03T13:26:27+00:00","dateModified":"2026-01-07T13:34:02+00:00","inLanguage":"de","potentialAction":[{"@type":"ReadAction","target":["https:\/\/staging-web.bigassbattery.com\/de\/big-ass-service\/"]}]},{"@type":"WebSite","@id":"https:\/\/staging-web.bigassbattery.com\/de\/#website","url":"https:\/\/staging-web.bigassbattery.com\/de\/","name":"Big Ass Battery","description":"Batterijsystemen en omvormers","publisher":{"@id":"https:\/\/staging-web.bigassbattery.com\/de\/#organization"},"potentialAction":[{"@type":"SearchAction","target":{"@type":"EntryPoint","urlTemplate":"https:\/\/staging-web.bigassbattery.com\/de\/?s={search_term_string}"},"query-input":{"@type":"PropertyValueSpecification","valueRequired":true,"valueName":"search_term_string"}}],"inLanguage":"de"},{"@type":"Organization","@id":"https:\/\/staging-web.bigassbattery.com\/de\/#organization","name":"Big Ass Battery","url":"https:\/\/staging-web.bigassbattery.com\/de\/","logo":{"@type":"ImageObject","inLanguage":"de","@id":"https:\/\/staging-web.bigassbattery.com\/de\/#\/schema\/logo\/image\/","url":"https:\/\/staging-web.bigassbattery.com\/wp-content\/uploads\/2022\/07\/22129-big-ass-battery-inline-logo-reverse.png","contentUrl":"https:\/\/staging-web.bigassbattery.com\/wp-content\/uploads\/2022\/07\/22129-big-ass-battery-inline-logo-reverse.png","width":1200,"height":351,"caption":"Big Ass Battery"},"image":{"@id":"https:\/\/staging-web.bigassbattery.com\/de\/#\/schema\/logo\/image\/"},"sameAs":["https:\/\/m.facebook.com\/bigassbatterys","https:\/\/nl.linkedin.com\/company\/big-ass-battery","https:\/\/www.instagram.com\/bigassbattery\/?hl=nl"]}]}},"_links":{"self":[{"href":"https:\/\/staging-web.bigassbattery.com\/de\/wp-json\/wp\/v2\/pages\/7173","targetHints":{"allow":["GET"]}}],"collection":[{"href":"https:\/\/staging-web.bigassbattery.com\/de\/wp-json\/wp\/v2\/pages"}],"about":[{"href":"https:\/\/staging-web.bigassbattery.com\/de\/wp-json\/wp\/v2\/types\/page"}],"author":[{"embeddable":true,"href":"https:\/\/staging-web.bigassbattery.com\/de\/wp-json\/wp\/v2\/users\/11"}],"replies":[{"embeddable":true,"href":"https:\/\/staging-web.bigassbattery.com\/de\/wp-json\/wp\/v2\/comments?post=7173"}],"version-history":[{"count":2,"href":"https:\/\/staging-web.bigassbattery.com\/de\/wp-json\/wp\/v2\/pages\/7173\/revisions"}],"predecessor-version":[{"id":7192,"href":"https:\/\/staging-web.bigassbattery.com\/de\/wp-json\/wp\/v2\/pages\/7173\/revisions\/7192"}],"wp:attachment":[{"href":"https:\/\/staging-web.bigassbattery.com\/de\/wp-json\/wp\/v2\/media?parent=7173"}],"curies":[{"name":"wp","href":"https:\/\/api.w.org\/{rel}","templated":true}]}}