{"id":7150,"date":"2025-12-03T12:23:44","date_gmt":"2025-12-03T11:23:44","guid":{"rendered":"https:\/\/staging-web.bigassbattery.com\/big-ass-battery\/"},"modified":"2026-01-07T13:32:10","modified_gmt":"2026-01-07T13:32:10","slug":"big-ass-battery","status":"publish","type":"page","link":"https:\/\/staging-web.bigassbattery.com\/de\/big-ass-battery\/","title":{"rendered":"Big Ass Battery"},"content":{"rendered":"\n\n<section class=\"block--hero block--hero--height-small\" >\n    <div class=\"background no-fade-in\">\n                    <div class=\"bg-image\" style=\"background-image: url('https:\/\/staging-web.bigassbattery.com\/wp-content\/uploads\/2025\/10\/cfe9b91dcba7657ac4dcde12082756f0ccab9476-scaled.webp'); background-position: bottom; background-size: cover; background-repeat: no-repeat;\"><\/div>\n            <\/div>\n    <div class=\"container\">\n        <div class=\"hero__content hero__content--align-left\">\n                                        <h1>Big Ass Battery<\/h1>\n                                        <p>Von der Erfahrung zur Gewissheit &#8211; Ihre Energiel\u00f6sung beginnt hier.<\/p>\n                                <\/div>\n\n            <\/div>\n<\/section>\n<section class=\"block--image-text block-bg--gradient block-bg--gradient-position-left\" >\n    <div class=\"container\">\n        <div class=\"block--image-text__container order--text_image has-both  card \">\n            <div class=\"block--image-text__container__image overflow-hidden\">\n                                    <img decoding=\"async\" class=\"object-cover border-l border-border border-b lg:border-b-0\" src=\"https:\/\/staging-web.bigassbattery.com\/wp-content\/uploads\/2025\/05\/Philippe-Guido-BigAssBattery_compressed.jpg\" alt=\"Nieuwe investeerder - Big Ass Battery \" title=\"Nieuwe investeerder - Big Ass Battery \">\n                            <\/div>\n            <div class=\"block--image-text__container__content  p-8 lg:p-12\">\n                            <div class=\"heading\">\n                                    <span class=\"heading--subtitle as-h6\">\n                        Von der Erfahrung zur Gewissheit                    <\/span>\n                                                    <h2 class=\"heading--title\">\n                        Verkauf &amp; Beratung                    <\/h2>\n                            <\/div>\n                                    <div class=\"block--image-text__container__content__text wysiwyg\">\n                        <p>Wir von Big Ass Battery waren einst vor allem f\u00fcr unsere hauseigene Produktion von Batteriespeichersystemen bekannt.<\/p>\n<p>Von komplexen Industrieanlagen bis hin zu mobilen Mietprojekten, bei denen sich die Situation t\u00e4glich \u00e4ndern kann &#8211; wir haben buchst\u00e4blich alles gesehen, gebaut und vor Ort getestet.<\/p>\n<p>Heute liegt unser Schwerpunkt nicht mehr auf der Produktion, sondern auf Wissen, Intelligenz und praktischer Erfahrung: die wahre Kraft hinter unserer Technologie.<\/p>\n<p>Wir haben dieses Wissen in unser Energiemanagementsystem einflie\u00dfen lassen, mit The Load Commander als intelligentem \u00dcbersetzer. Dank dieser Erfahrung sind wir nicht mehr von einer Marke oder einem System abh\u00e4ngig, sondern k\u00f6nnen unsere Cleverness auf alle modernen Energiel\u00f6sungen anwenden. <\/p>\n                    <\/div>\n                                            <\/div>\n        <\/div>\n    <\/div>\n<\/section>\n<section class=\"block--image-text block-bg--gradient block-bg--gradient-position-right\" >\n    <div class=\"container\">\n        <div class=\"block--image-text__container order--image_text has-both  card \">\n            <div class=\"block--image-text__container__image overflow-hidden\">\n                                    <img decoding=\"async\" class=\"object-cover border-r border-border border-b lg:border-b-0\" src=\"https:\/\/staging-web.bigassbattery.com\/wp-content\/uploads\/2025\/04\/Big-Ass-Battery-08-12-2022-Epsilon-Studios-Ektor-Tsolodimos-32-scaled_optimized.webp\" alt=\"\">\n                            <\/div>\n            <div class=\"block--image-text__container__content  p-8 lg:p-12\">\n                            <div class=\"heading\">\n                                                    <h2 class=\"heading--title\">\n                        Ma\u00dfgeschneiderte Beratung, aus Erfahrung                    <\/h2>\n                            <\/div>\n                                    <div class=\"block--image-text__container__content__text wysiwyg\">\n                        <p>Wir kennen Batterien in- und auswendig &#8211; buchst\u00e4blich.<\/p>\n<p>Wir wissen, worauf es ankommt, damit ein System sicher, stabil und zuverl\u00e4ssig funktioniert. Deshalb helfen wir unseren Kunden nicht nur mit Software, sondern auch bei der Auswahl des richtigen Batteriesystems. <\/p>\n<p>Gemeinsam mit Ihnen schauen wir uns das an:<\/p>\n<ul>\n<li>Ihr Energiebedarf und Ihre Zukunftspl\u00e4ne,<\/li>\n<li>das verf\u00fcgbare Budget,<\/li>\n<li>und die technischen Anforderungen Ihres Standorts oder Projekts.<\/li>\n<\/ul>\n<p>Wir geben immer ehrliche und realistische Ratschl\u00e4ge und arbeiten nur mit L\u00f6sungen, die wir technisch voll unterst\u00fctzen. So k\u00f6nnen wir preislich konkurrenzf\u00e4hige Systeme liefern, ohne Kompromisse bei Qualit\u00e4t oder Sicherheit einzugehen. <\/p>\n                    <\/div>\n                                            <\/div>\n        <\/div>\n    <\/div>\n<\/section>\n<section class=\"block--image-text block-bg--gradient block-bg--gradient-position-left\" >\n    <div class=\"container\">\n        <div class=\"block--image-text__container order--text_image has-both  card \">\n            <div class=\"block--image-text__container__image overflow-hidden\">\n                                    <img decoding=\"async\" class=\"object-cover border-l border-border border-b lg:border-b-0\" src=\"https:\/\/staging-web.bigassbattery.com\/wp-content\/uploads\/2025\/05\/resized_Big20Ass20Battery20-20RVM-_FVV4099-220small.jpg\" alt=\"\">\n                            <\/div>\n            <div class=\"block--image-text__container__content  p-8 lg:p-12\">\n                            <div class=\"heading\">\n                                                    <h2 class=\"heading--title\">\n                        Europ\u00e4ische Qualit\u00e4t, weltweit einsetzbar                    <\/h2>\n                            <\/div>\n                                    <div class=\"block--image-text__container__content__text wysiwyg\">\n                        <p>Suchen Sie eine europ\u00e4ische L\u00f6sung oder kann sie auch aus Asien kommen? Kein Problem! Wir bieten nur Systeme an, die vollst\u00e4ndig den europ\u00e4ischen Normen und Vorschriften entsprechen.  <\/p>\n<p>Jede Installation wird mitgeliefert:<\/p>\n<ul>\n<li>vollst\u00e4ndige Installation und Inbetriebnahme,<\/li>\n<li>unsere Smart Ass Energy-Plattform f\u00fcr die Steuerung und \u00dcberwachung,<\/li>\n<li>und Unterst\u00fctzung durch unser Service- und Supportteam &#8211; rund um die Uhr, wenn Sie es wirklich brauchen.<\/li>\n<\/ul>\n<p>Wir ziehen es vor, Systeme zu bauen, die so stabil sind, dass unsere Mechaniker im Schlaf bleiben k\u00f6nnen. Aber wenn n\u00f6tig, sind sie bereit. <\/p>\n<p>Ehrlicher Rat. Kluge L\u00f6sungen. Garantierter Seelenfrieden.  <\/p>\n<p>Ob es sich um eine feste Installation, eine tempor\u00e4re Einrichtung oder eine Erweiterung Ihres bestehenden Systems handelt &#8211; wir helfen Ihnen, die richtige Wahl zu treffen.<\/p>\n<p><strong>Fordern Sie jetzt eine Beratung an, e<\/strong><strong>um herauszufinden, welche L\u00f6sung am besten zu Ihrer Situation passt.<\/strong><\/p>\n                    <\/div>\n                                                    <div class=\"btn-group mt-8\">\n                                                                <a class=\"btn btn--primary \" href=\"https:\/\/staging-web.bigassbattery.com\/de\/kontakt\/\">\n                Kontakt aufnehmen            <\/a>\n                                            <\/div>\n                            <\/div>\n        <\/div>\n    <\/div>\n<\/section>","protected":false},"excerpt":{"rendered":"","protected":false},"author":11,"featured_media":0,"parent":0,"menu_order":0,"comment_status":"closed","ping_status":"closed","template":"pages\/dynamic-page-with-blocks-template.php","meta":{"_acf_changed":false,"footnotes":""},"class_list":["post-7150","page","type-page","status-publish","hentry"],"acf":[],"yoast_head":"<!-- This site is optimized with the Yoast SEO plugin v27.4 - https:\/\/yoast.com\/product\/yoast-seo-wordpress\/ -->\n<title>Big Ass Battery - Big Ass Battery<\/title>\n<meta name=\"robots\" content=\"noindex, follow, max-snippet:-1, max-image-preview:large, max-video-preview:-1\" \/>\n<meta property=\"og:locale\" content=\"de_DE\" \/>\n<meta property=\"og:type\" content=\"article\" \/>\n<meta property=\"og:title\" content=\"Big Ass Battery - Big Ass Battery\" \/>\n<meta property=\"og:url\" content=\"https:\/\/staging-web.bigassbattery.com\/de\/big-ass-battery\/\" \/>\n<meta property=\"og:site_name\" content=\"Big Ass Battery\" \/>\n<meta property=\"article:publisher\" content=\"https:\/\/m.facebook.com\/bigassbatterys\" \/>\n<meta property=\"article:modified_time\" content=\"2026-01-07T13:32:10+00:00\" \/>\n<meta name=\"twitter:card\" content=\"summary_large_image\" \/>\n<script type=\"application\/ld+json\" class=\"yoast-schema-graph\">{\"@context\":\"https:\\\/\\\/schema.org\",\"@graph\":[{\"@type\":\"WebPage\",\"@id\":\"https:\\\/\\\/staging-web.bigassbattery.com\\\/de\\\/big-ass-battery\\\/\",\"url\":\"https:\\\/\\\/staging-web.bigassbattery.com\\\/de\\\/big-ass-battery\\\/\",\"name\":\"Big Ass Battery - Big Ass Battery\",\"isPartOf\":{\"@id\":\"https:\\\/\\\/staging-web.bigassbattery.com\\\/de\\\/#website\"},\"datePublished\":\"2025-12-03T11:23:44+00:00\",\"dateModified\":\"2026-01-07T13:32:10+00:00\",\"inLanguage\":\"de\",\"potentialAction\":[{\"@type\":\"ReadAction\",\"target\":[\"https:\\\/\\\/staging-web.bigassbattery.com\\\/de\\\/big-ass-battery\\\/\"]}]},{\"@type\":\"WebSite\",\"@id\":\"https:\\\/\\\/staging-web.bigassbattery.com\\\/de\\\/#website\",\"url\":\"https:\\\/\\\/staging-web.bigassbattery.com\\\/de\\\/\",\"name\":\"Big Ass Battery\",\"description\":\"Batterijsystemen en omvormers\",\"publisher\":{\"@id\":\"https:\\\/\\\/staging-web.bigassbattery.com\\\/de\\\/#organization\"},\"potentialAction\":[{\"@type\":\"SearchAction\",\"target\":{\"@type\":\"EntryPoint\",\"urlTemplate\":\"https:\\\/\\\/staging-web.bigassbattery.com\\\/de\\\/?s={search_term_string}\"},\"query-input\":{\"@type\":\"PropertyValueSpecification\",\"valueRequired\":true,\"valueName\":\"search_term_string\"}}],\"inLanguage\":\"de\"},{\"@type\":\"Organization\",\"@id\":\"https:\\\/\\\/staging-web.bigassbattery.com\\\/de\\\/#organization\",\"name\":\"Big Ass Battery\",\"url\":\"https:\\\/\\\/staging-web.bigassbattery.com\\\/de\\\/\",\"logo\":{\"@type\":\"ImageObject\",\"inLanguage\":\"de\",\"@id\":\"https:\\\/\\\/staging-web.bigassbattery.com\\\/de\\\/#\\\/schema\\\/logo\\\/image\\\/\",\"url\":\"https:\\\/\\\/staging-web.bigassbattery.com\\\/wp-content\\\/uploads\\\/2022\\\/07\\\/22129-big-ass-battery-inline-logo-reverse.png\",\"contentUrl\":\"https:\\\/\\\/staging-web.bigassbattery.com\\\/wp-content\\\/uploads\\\/2022\\\/07\\\/22129-big-ass-battery-inline-logo-reverse.png\",\"width\":1200,\"height\":351,\"caption\":\"Big Ass Battery\"},\"image\":{\"@id\":\"https:\\\/\\\/staging-web.bigassbattery.com\\\/de\\\/#\\\/schema\\\/logo\\\/image\\\/\"},\"sameAs\":[\"https:\\\/\\\/m.facebook.com\\\/bigassbatterys\",\"https:\\\/\\\/nl.linkedin.com\\\/company\\\/big-ass-battery\",\"https:\\\/\\\/www.instagram.com\\\/bigassbattery\\\/?hl=nl\"]}]}<\/script>\n<!-- \/ Yoast SEO plugin. -->","yoast_head_json":{"title":"Big Ass Battery - Big Ass Battery","robots":{"index":"noindex","follow":"follow","max-snippet":"max-snippet:-1","max-image-preview":"max-image-preview:large","max-video-preview":"max-video-preview:-1"},"og_locale":"de_DE","og_type":"article","og_title":"Big Ass Battery - Big Ass Battery","og_url":"https:\/\/staging-web.bigassbattery.com\/de\/big-ass-battery\/","og_site_name":"Big Ass Battery","article_publisher":"https:\/\/m.facebook.com\/bigassbatterys","article_modified_time":"2026-01-07T13:32:10+00:00","twitter_card":"summary_large_image","schema":{"@context":"https:\/\/schema.org","@graph":[{"@type":"WebPage","@id":"https:\/\/staging-web.bigassbattery.com\/de\/big-ass-battery\/","url":"https:\/\/staging-web.bigassbattery.com\/de\/big-ass-battery\/","name":"Big Ass Battery - Big Ass Battery","isPartOf":{"@id":"https:\/\/staging-web.bigassbattery.com\/de\/#website"},"datePublished":"2025-12-03T11:23:44+00:00","dateModified":"2026-01-07T13:32:10+00:00","inLanguage":"de","potentialAction":[{"@type":"ReadAction","target":["https:\/\/staging-web.bigassbattery.com\/de\/big-ass-battery\/"]}]},{"@type":"WebSite","@id":"https:\/\/staging-web.bigassbattery.com\/de\/#website","url":"https:\/\/staging-web.bigassbattery.com\/de\/","name":"Big Ass Battery","description":"Batterijsystemen en omvormers","publisher":{"@id":"https:\/\/staging-web.bigassbattery.com\/de\/#organization"},"potentialAction":[{"@type":"SearchAction","target":{"@type":"EntryPoint","urlTemplate":"https:\/\/staging-web.bigassbattery.com\/de\/?s={search_term_string}"},"query-input":{"@type":"PropertyValueSpecification","valueRequired":true,"valueName":"search_term_string"}}],"inLanguage":"de"},{"@type":"Organization","@id":"https:\/\/staging-web.bigassbattery.com\/de\/#organization","name":"Big Ass Battery","url":"https:\/\/staging-web.bigassbattery.com\/de\/","logo":{"@type":"ImageObject","inLanguage":"de","@id":"https:\/\/staging-web.bigassbattery.com\/de\/#\/schema\/logo\/image\/","url":"https:\/\/staging-web.bigassbattery.com\/wp-content\/uploads\/2022\/07\/22129-big-ass-battery-inline-logo-reverse.png","contentUrl":"https:\/\/staging-web.bigassbattery.com\/wp-content\/uploads\/2022\/07\/22129-big-ass-battery-inline-logo-reverse.png","width":1200,"height":351,"caption":"Big Ass Battery"},"image":{"@id":"https:\/\/staging-web.bigassbattery.com\/de\/#\/schema\/logo\/image\/"},"sameAs":["https:\/\/m.facebook.com\/bigassbatterys","https:\/\/nl.linkedin.com\/company\/big-ass-battery","https:\/\/www.instagram.com\/bigassbattery\/?hl=nl"]}]}},"_links":{"self":[{"href":"https:\/\/staging-web.bigassbattery.com\/de\/wp-json\/wp\/v2\/pages\/7150","targetHints":{"allow":["GET"]}}],"collection":[{"href":"https:\/\/staging-web.bigassbattery.com\/de\/wp-json\/wp\/v2\/pages"}],"about":[{"href":"https:\/\/staging-web.bigassbattery.com\/de\/wp-json\/wp\/v2\/types\/page"}],"author":[{"embeddable":true,"href":"https:\/\/staging-web.bigassbattery.com\/de\/wp-json\/wp\/v2\/users\/11"}],"replies":[{"embeddable":true,"href":"https:\/\/staging-web.bigassbattery.com\/de\/wp-json\/wp\/v2\/comments?post=7150"}],"version-history":[{"count":2,"href":"https:\/\/staging-web.bigassbattery.com\/de\/wp-json\/wp\/v2\/pages\/7150\/revisions"}],"predecessor-version":[{"id":7190,"href":"https:\/\/staging-web.bigassbattery.com\/de\/wp-json\/wp\/v2\/pages\/7150\/revisions\/7190"}],"wp:attachment":[{"href":"https:\/\/staging-web.bigassbattery.com\/de\/wp-json\/wp\/v2\/media?parent=7150"}],"curies":[{"name":"wp","href":"https:\/\/api.w.org\/{rel}","templated":true}]}}