{"id":7126,"date":"2025-11-24T12:22:40","date_gmt":"2025-11-24T12:22:40","guid":{"rendered":"https:\/\/staging-web.bigassbattery.com\/smart-ass-energy\/"},"modified":"2026-01-07T13:37:02","modified_gmt":"2026-01-07T13:37:02","slug":"smart-ass-energy","status":"publish","type":"page","link":"https:\/\/staging-web.bigassbattery.com\/de\/smart-ass-energy\/","title":{"rendered":"Smart Ass Energy"},"content":{"rendered":"\n\n<section class=\"block--hero block--hero--height-small\" >\n    <div class=\"background no-fade-in\">\n                    <div class=\"bg-image\" style=\"background-image: url('https:\/\/staging-web.bigassbattery.com\/wp-content\/uploads\/2025\/10\/cfe9b91dcba7657ac4dcde12082756f0ccab9476-scaled.webp'); background-position: bottom; background-size: cover; background-repeat: no-repeat;\"><\/div>\n            <\/div>\n    <div class=\"container\">\n        <div class=\"hero__content hero__content--align-left\">\n                                        <h1>Smart Ass Energy<\/h1>\n                                        <p>Das neue Gehirn hinter Ihrer Energie.<\/p>\n                                <\/div>\n\n            <\/div>\n<\/section>\n<section class=\"block--image-text block-bg--light block-bg--pattern\" >\n    <div class=\"container\">\n        <div class=\"block--image-text__container order--image_text has-both is-light-bg  gap-16 lg:gap-32\">\n            <div class=\"block--image-text__container__image overflow-hidden\">\n                                    <img decoding=\"async\" class=\"object-contain\" src=\"https:\/\/staging-web.bigassbattery.com\/wp-content\/uploads\/2025\/11\/connections.webp\" alt=\"Connections\" title=\"Connections\">\n                            <\/div>\n            <div class=\"block--image-text__container__content  \">\n                            <div class=\"heading\">\n                                    <span class=\"heading--subtitle as-h6\">\n                        SMART ASS ENERGY | Wie funktioniert es?                    <\/span>\n                                                    <h2 class=\"heading--title\">\n                        Geschickt arrangiert. Bereit f\u00fcr morgen.                     <\/h2>\n                            <\/div>\n                                    <div class=\"block--image-text__container__content__text wysiwyg\">\n                        <p>Immer Stromsicherheit. Niemals im Dunkeln. Und intelligent verwaltet.<br \/>\nSmart Ass Energy ist das Gehirn Ihrer Energie.<br \/>\nEs sorgt daf\u00fcr, dass alle Komponenten von Batterien und Solarmodulen bis hin zu Generatoren, W\u00e4rmepumpen und Schnellladeger\u00e4ten als eine intelligente Einheit zusammenarbeiten.  <\/p>\n<p>Ganz gleich, ob Sie an das Stromnetz angeschlossen sind, netzunabh\u00e4ngig arbeiten oder sich mitten in einer Lastspitze befinden:<br \/>\nschaltet das System blitzschnell zwischen den Stromquellen um und h\u00e4lt Ihren Gesch\u00e4fts-, Veranstaltungs- oder Produktionsprozess kontinuierlich stabil.<\/p>\n<p>Es ersetzt in vielen F\u00e4llen klassische USV-Systeme und funktioniert m\u00fchelos mit weniger intelligenten oder importierten Batteriesystemen, da wir in weniger als 1 Millisekunde umschalten k\u00f6nnen.<br \/>\nSelbst bei komplexen Kombinationen, wie z. B. mehreren Batterien und Generatoren gleichzeitig, bleibt die Stromqualit\u00e4t sauber, stabil und sicher.<\/p>\n                    <\/div>\n                                            <\/div>\n        <\/div>\n    <\/div>\n<\/section>\n<section class=\"block--image-text block-bg--default\" >\n    <div class=\"container\">\n        <div class=\"block--image-text__container order--text_image has-both   gap-16 lg:gap-32\">\n            <div class=\"block--image-text__container__image \">\n                                    <img decoding=\"async\" class=\"object-contain\" src=\"https:\/\/staging-web.bigassbattery.com\/wp-content\/uploads\/2025\/11\/chip-cropped.webp\" alt=\"Plug &amp; Play\" title=\"Plug &amp; Play\">\n                            <\/div>\n            <div class=\"block--image-text__container__content  \">\n                            <div class=\"heading\">\n                                    <span class=\"heading--subtitle as-h6\">\n                        Plug &amp; Play                    <\/span>\n                                                    <h2 class=\"heading--title\">\n                        Smart Ass Energy ist komplett Plug-and-Play-f\u00e4hig.                    <\/h2>\n                            <\/div>\n                                    <div class=\"block--image-text__container__content__text wysiwyg\">\n                        <p>Schlie\u00dfen Sie Ihre Anlagen \u00fcber unseren Load Commander oder Power Controller an, und das System erkennt automatisch, was angeschlossen ist. Ob es sich um eine W\u00e4rmepumpe, eine PV-Anlage oder eine Ladestation handelt &#8211; Smart Ass Energy konfiguriert alles selbst. <\/p>\n<p>Sie w\u00e4hlen einfach den Modus: Eco, Max Power oder Cost-efficient &#8211; und der Rest geschieht automatisch. Sie f\u00fcgen neue Ger\u00e4te hinzu? Sie koppeln sie im Dashboard, w\u00e4hlen Marke und Typ, und innerhalb von Sekunden l\u00e4uft alles zusammen.  <\/p>\n<p>Wenn Sie eine Erweiterung oder eine neue Maschine haben, muss kein Techniker vorbeikommen, um die Software einzustellen &#8211; das geschieht ganz von selbst. Und wenn Sie es immer noch nicht herausfinden k\u00f6nnen oder einfach keine Zeit haben, steht unser Serviceteam nat\u00fcrlich zu Ihrer Verf\u00fcgung, um das Ganze aus der Ferne zu beobachten oder zu erledigen. <\/p>\n<p>Von einfacher Hardware bis zu High-End-Anlagen: alles funktioniert. Selbst bei tempor\u00e4ren Veranstaltungsorten oder Events, bei denen mehrere Arten von Generatoren, Batterien und Verbrauchern zusammenkommen, ist es wirklich Plug &amp; Play &#8211; immer mit optimalem Betrieb und Energiesicherheit. <\/p>\n                    <\/div>\n                                            <\/div>\n        <\/div>\n    <\/div>\n<\/section>\n<section class=\"block--image-text block-bg--gradient block-bg--gradient-position-left\" >\n    <div class=\"container\">\n        <div class=\"block--image-text__container order--image_text has-both  card \">\n            <div class=\"block--image-text__container__image overflow-hidden\">\n                                    <img decoding=\"async\" class=\"object-cover border-r border-border border-b lg:border-b-0\" src=\"https:\/\/staging-web.bigassbattery.com\/wp-content\/uploads\/2025\/11\/wires.webp\" alt=\"Wires\" title=\"Wires\">\n                            <\/div>\n            <div class=\"block--image-text__container__content  p-8 lg:p-12\">\n                            <div class=\"heading\">\n                                    <span class=\"heading--subtitle as-h6\">\n                        Kl\u00fcger als klug                    <\/span>\n                                                    <h2 class=\"heading--title\">\n                        Selbstlernend, vorausschauend und auf Ihre Installation zugeschnitten.                    <\/h2>\n                            <\/div>\n                                    <div class=\"block--image-text__container__content__text wysiwyg\">\n                        <p>Smart Ass Energy lernt kontinuierlich von Ihrem System.<\/p>\n<p>Unsere Algorithmen analysieren Milliarden von Datenpunkten und optimieren den Einsatz von Strom, Batterien, Sonnenkollektoren und Generatoren in Echtzeit.<\/p>\n<p>So bestimmt das System selbst, was f\u00fcr Sie am profitabelsten ist:<\/p>\n<ul>\n<li>Erstens: Ihr Produktionsprozess,<\/li>\n<li>als Ihre Schnellladeger\u00e4te,<\/li>\n<li>dann Ihre EV-Ladeger\u00e4te.<\/li>\n<\/ul>\n<p>Peakshaving, Lastausgleich, Oberwellenfilterung oder Leistungsfaktorkorrektur &#8211; alles l\u00e4uft automatisch und ohne dass Sie etwas tun m\u00fcssen. Wir kombinieren intelligente Software mit technischem Wissen aus der Praxis. <\/p>\n<p>Wenn Sie eine minderwertige Batterie haben, erkennen unsere Algorithmen das Verhalten und passen die Steuerung entsprechend an, um die Lebensdauer der Batterie zu verl\u00e4ngern.<\/p>\n<p>Eine Batterie der Marke A, B oder C verh\u00e4lt sich anders &#8211; wir erkennen diese Unterschiede und optimieren jedes System auf seinen eigenen Charakter. Das Gleiche gilt f\u00fcr Generatoren: Ein \u00e4lterer Diesel reagiert anders als eine moderne Stage V- oder Wasserstoffvariante. <\/p>\n<p>Unser System wei\u00df das, l\u00e4sst eine Stage V erst einmal warmlaufen und stimmt alles auf das ab, was technisch am sinnvollsten ist. Durch die Kombination von Load Commanders, unserem technischen Wissen und dem EMS entsteht eine digitale Version Ihrer Anlage: <\/p>\n<p>Ein digitaler Live-Zwilling, der st\u00e4ndig verschiedene Szenarien durchspielt und automatisch das beste ausw\u00e4hlt. Sie f\u00fcgen ein neues Ger\u00e4t hinzu? Dann wird es sofort erkannt, \u00fcbernommen und in die Strategie integriert &#8211; ohne manuelle Arbeit oder Unterbrechung.  <\/p>\n                    <\/div>\n                                            <\/div>\n        <\/div>\n    <\/div>\n<\/section>\n<section class=\"block--image-text block-bg--default\" >\n    <div class=\"container\">\n        <div class=\"block--image-text__container order--text_image has-both   gap-16 lg:gap-32\">\n            <div class=\"block--image-text__container__image overflow-hidden\">\n                                    <img decoding=\"async\" class=\"object-contain\" src=\"https:\/\/staging-web.bigassbattery.com\/wp-content\/uploads\/2025\/11\/chip-single.webp\" alt=\"Chip security\" title=\"Chip security\">\n                            <\/div>\n            <div class=\"block--image-text__container__content  \">\n                            <div class=\"heading\">\n                                    <span class=\"heading--subtitle as-h6\">\n                        Zuverl\u00e4ssig, europ\u00e4isch und bereit f\u00fcr die Zukunft.                    <\/span>\n                                                    <h2 class=\"heading--title\">\n                        Intelligente Technologie, sichere Daten und zertifizierte Qualit\u00e4t.                    <\/h2>\n                            <\/div>\n                                    <div class=\"block--image-text__container__content__text wysiwyg\">\n                        <p>Smart Ass Energy wurde in Europa nach den h\u00f6chsten Standards entwickelt und getestet.<\/p>\n<p>Unsere Systeme sind bereit f\u00fcr die kommende EU-Zertifizierungspflicht (ab 2027) und bieten maximale Sicherheit &#8211; sowohl elektrisch als auch digital.<\/p>\n<ul>\n<li>Cybersecurity by design &#8211; Europ\u00e4ische Datenverarbeitung, vollst\u00e4ndig verschl\u00fcsselt.<\/li>\n<li>Robuste Hardware &#8211; resistent gegen Staub, Wasser, Vibrationen und extreme Temperaturen.<\/li>\n<li>Skalierbar &#8211; einfache Erweiterung auf die Verwaltung mehrerer Standorte, auch international.<\/li>\n<li>Einfache Verwaltung &#8211; lokale Elektriker k\u00f6nnen es installieren, wir bieten Service und Updates.<\/li>\n<\/ul>\n<p>Smart Ass Energy verwandelt Ihre Energieanlage in ein zuverl\u00e4ssiges, intelligentes und zukunftssicheres \u00d6kosystem.<\/p>\n<p>Sicher, skalierbar und vollst\u00e4ndig unter Ihrer Kontrolle.<\/p>\n                    <\/div>\n                                            <\/div>\n        <\/div>\n    <\/div>\n<\/section>","protected":false},"excerpt":{"rendered":"","protected":false},"author":11,"featured_media":0,"parent":0,"menu_order":0,"comment_status":"closed","ping_status":"closed","template":"pages\/dynamic-page-with-blocks-template.php","meta":{"_acf_changed":false,"footnotes":""},"class_list":["post-7126","page","type-page","status-publish","hentry"],"acf":[],"yoast_head":"<!-- This site is optimized with the Yoast SEO plugin v27.4 - https:\/\/yoast.com\/product\/yoast-seo-wordpress\/ -->\n<title>Smart Ass Energy - Big Ass Battery<\/title>\n<meta name=\"robots\" content=\"noindex, follow, max-snippet:-1, max-image-preview:large, max-video-preview:-1\" \/>\n<meta property=\"og:locale\" content=\"de_DE\" \/>\n<meta property=\"og:type\" content=\"article\" \/>\n<meta property=\"og:title\" content=\"Smart Ass Energy - Big Ass Battery\" \/>\n<meta property=\"og:url\" content=\"https:\/\/staging-web.bigassbattery.com\/de\/smart-ass-energy\/\" \/>\n<meta property=\"og:site_name\" content=\"Big Ass Battery\" \/>\n<meta property=\"article:publisher\" content=\"https:\/\/m.facebook.com\/bigassbatterys\" \/>\n<meta property=\"article:modified_time\" content=\"2026-01-07T13:37:02+00:00\" \/>\n<meta name=\"twitter:card\" content=\"summary_large_image\" \/>\n<script type=\"application\/ld+json\" class=\"yoast-schema-graph\">{\"@context\":\"https:\\\/\\\/schema.org\",\"@graph\":[{\"@type\":\"WebPage\",\"@id\":\"https:\\\/\\\/staging-web.bigassbattery.com\\\/de\\\/smart-ass-energy\\\/\",\"url\":\"https:\\\/\\\/staging-web.bigassbattery.com\\\/de\\\/smart-ass-energy\\\/\",\"name\":\"Smart Ass Energy - Big Ass Battery\",\"isPartOf\":{\"@id\":\"https:\\\/\\\/staging-web.bigassbattery.com\\\/de\\\/#website\"},\"datePublished\":\"2025-11-24T12:22:40+00:00\",\"dateModified\":\"2026-01-07T13:37:02+00:00\",\"inLanguage\":\"de\",\"potentialAction\":[{\"@type\":\"ReadAction\",\"target\":[\"https:\\\/\\\/staging-web.bigassbattery.com\\\/de\\\/smart-ass-energy\\\/\"]}]},{\"@type\":\"WebSite\",\"@id\":\"https:\\\/\\\/staging-web.bigassbattery.com\\\/de\\\/#website\",\"url\":\"https:\\\/\\\/staging-web.bigassbattery.com\\\/de\\\/\",\"name\":\"Big Ass Battery\",\"description\":\"Batterijsystemen en omvormers\",\"publisher\":{\"@id\":\"https:\\\/\\\/staging-web.bigassbattery.com\\\/de\\\/#organization\"},\"potentialAction\":[{\"@type\":\"SearchAction\",\"target\":{\"@type\":\"EntryPoint\",\"urlTemplate\":\"https:\\\/\\\/staging-web.bigassbattery.com\\\/de\\\/?s={search_term_string}\"},\"query-input\":{\"@type\":\"PropertyValueSpecification\",\"valueRequired\":true,\"valueName\":\"search_term_string\"}}],\"inLanguage\":\"de\"},{\"@type\":\"Organization\",\"@id\":\"https:\\\/\\\/staging-web.bigassbattery.com\\\/de\\\/#organization\",\"name\":\"Big Ass Battery\",\"url\":\"https:\\\/\\\/staging-web.bigassbattery.com\\\/de\\\/\",\"logo\":{\"@type\":\"ImageObject\",\"inLanguage\":\"de\",\"@id\":\"https:\\\/\\\/staging-web.bigassbattery.com\\\/de\\\/#\\\/schema\\\/logo\\\/image\\\/\",\"url\":\"https:\\\/\\\/staging-web.bigassbattery.com\\\/wp-content\\\/uploads\\\/2022\\\/07\\\/22129-big-ass-battery-inline-logo-reverse.png\",\"contentUrl\":\"https:\\\/\\\/staging-web.bigassbattery.com\\\/wp-content\\\/uploads\\\/2022\\\/07\\\/22129-big-ass-battery-inline-logo-reverse.png\",\"width\":1200,\"height\":351,\"caption\":\"Big Ass Battery\"},\"image\":{\"@id\":\"https:\\\/\\\/staging-web.bigassbattery.com\\\/de\\\/#\\\/schema\\\/logo\\\/image\\\/\"},\"sameAs\":[\"https:\\\/\\\/m.facebook.com\\\/bigassbatterys\",\"https:\\\/\\\/nl.linkedin.com\\\/company\\\/big-ass-battery\",\"https:\\\/\\\/www.instagram.com\\\/bigassbattery\\\/?hl=nl\"]}]}<\/script>\n<!-- \/ Yoast SEO plugin. -->","yoast_head_json":{"title":"Smart Ass Energy - Big Ass Battery","robots":{"index":"noindex","follow":"follow","max-snippet":"max-snippet:-1","max-image-preview":"max-image-preview:large","max-video-preview":"max-video-preview:-1"},"og_locale":"de_DE","og_type":"article","og_title":"Smart Ass Energy - Big Ass Battery","og_url":"https:\/\/staging-web.bigassbattery.com\/de\/smart-ass-energy\/","og_site_name":"Big Ass Battery","article_publisher":"https:\/\/m.facebook.com\/bigassbatterys","article_modified_time":"2026-01-07T13:37:02+00:00","twitter_card":"summary_large_image","schema":{"@context":"https:\/\/schema.org","@graph":[{"@type":"WebPage","@id":"https:\/\/staging-web.bigassbattery.com\/de\/smart-ass-energy\/","url":"https:\/\/staging-web.bigassbattery.com\/de\/smart-ass-energy\/","name":"Smart Ass Energy - Big Ass Battery","isPartOf":{"@id":"https:\/\/staging-web.bigassbattery.com\/de\/#website"},"datePublished":"2025-11-24T12:22:40+00:00","dateModified":"2026-01-07T13:37:02+00:00","inLanguage":"de","potentialAction":[{"@type":"ReadAction","target":["https:\/\/staging-web.bigassbattery.com\/de\/smart-ass-energy\/"]}]},{"@type":"WebSite","@id":"https:\/\/staging-web.bigassbattery.com\/de\/#website","url":"https:\/\/staging-web.bigassbattery.com\/de\/","name":"Big Ass Battery","description":"Batterijsystemen en omvormers","publisher":{"@id":"https:\/\/staging-web.bigassbattery.com\/de\/#organization"},"potentialAction":[{"@type":"SearchAction","target":{"@type":"EntryPoint","urlTemplate":"https:\/\/staging-web.bigassbattery.com\/de\/?s={search_term_string}"},"query-input":{"@type":"PropertyValueSpecification","valueRequired":true,"valueName":"search_term_string"}}],"inLanguage":"de"},{"@type":"Organization","@id":"https:\/\/staging-web.bigassbattery.com\/de\/#organization","name":"Big Ass Battery","url":"https:\/\/staging-web.bigassbattery.com\/de\/","logo":{"@type":"ImageObject","inLanguage":"de","@id":"https:\/\/staging-web.bigassbattery.com\/de\/#\/schema\/logo\/image\/","url":"https:\/\/staging-web.bigassbattery.com\/wp-content\/uploads\/2022\/07\/22129-big-ass-battery-inline-logo-reverse.png","contentUrl":"https:\/\/staging-web.bigassbattery.com\/wp-content\/uploads\/2022\/07\/22129-big-ass-battery-inline-logo-reverse.png","width":1200,"height":351,"caption":"Big Ass Battery"},"image":{"@id":"https:\/\/staging-web.bigassbattery.com\/de\/#\/schema\/logo\/image\/"},"sameAs":["https:\/\/m.facebook.com\/bigassbatterys","https:\/\/nl.linkedin.com\/company\/big-ass-battery","https:\/\/www.instagram.com\/bigassbattery\/?hl=nl"]}]}},"_links":{"self":[{"href":"https:\/\/staging-web.bigassbattery.com\/de\/wp-json\/wp\/v2\/pages\/7126","targetHints":{"allow":["GET"]}}],"collection":[{"href":"https:\/\/staging-web.bigassbattery.com\/de\/wp-json\/wp\/v2\/pages"}],"about":[{"href":"https:\/\/staging-web.bigassbattery.com\/de\/wp-json\/wp\/v2\/types\/page"}],"author":[{"embeddable":true,"href":"https:\/\/staging-web.bigassbattery.com\/de\/wp-json\/wp\/v2\/users\/11"}],"replies":[{"embeddable":true,"href":"https:\/\/staging-web.bigassbattery.com\/de\/wp-json\/wp\/v2\/comments?post=7126"}],"version-history":[{"count":3,"href":"https:\/\/staging-web.bigassbattery.com\/de\/wp-json\/wp\/v2\/pages\/7126\/revisions"}],"predecessor-version":[{"id":7194,"href":"https:\/\/staging-web.bigassbattery.com\/de\/wp-json\/wp\/v2\/pages\/7126\/revisions\/7194"}],"wp:attachment":[{"href":"https:\/\/staging-web.bigassbattery.com\/de\/wp-json\/wp\/v2\/media?parent=7126"}],"curies":[{"name":"wp","href":"https:\/\/api.w.org\/{rel}","templated":true}]}}